{"id":96,"date":"2015-05-20T16:21:57","date_gmt":"2015-05-20T14:21:57","guid":{"rendered":"http:\/\/revelation-music.de\/fr\/?page_id=96"},"modified":"2019-03-14T20:10:49","modified_gmt":"2019-03-14T19:10:49","slug":"revelation-mtc","status":"publish","type":"page","link":"https:\/\/revelation-music.de\/fr\/revelation-mtc\/","title":{"rendered":"s\u00e9minaires de MTC"},"content":{"rendered":"<p style=\"text-align: justify;\"><span class=\"hps\">L&rsquo;accent des s\u00e9minaires de MTC est mis<\/span> <span class=\"hps\">sur l&rsquo;\u00e9change de<\/span> <span class=\"hps\">connaissances pr\u00e9cieuses<\/span><span class=\"hps\"> sur<\/span> <span class=\"hps\">cet <span id=\"result_box\" class=\"short_text\" lang=\"fr\">art de gu\u00e9rir<\/span> <\/span> <span class=\"hps\">extraordinairement efficace<\/span> <span class=\"hps atn\">(<\/span>MTC <span class=\"hps\">=<\/span> <span class=\"hps\">m\u00e9decine traditionnelle chinoise<\/span>).<\/p>\n<p><span class=\"hps\">1.<\/span> <span class=\"hps\">S\u00e9minaire d&rsquo;introduction<\/span> <span class=\"hps\">sous le th\u00e8me<\/span>: MTC <span class=\"hps\">&#8211;<\/span> <span class=\"hps\">la sant\u00e9<\/span> <span class=\"hps\">pur<\/span>! L<span id=\"result_box\" class=\"short_text\" lang=\"fr\"><span class=\"hps\">es temps de test<\/span><span class=\"\">!<\/span><\/span><br \/>\n<span class=\"hps\">2.<\/span> <span class=\"hps\">Les<\/span> <span class=\"hps\">Cinq<\/span> <span class=\"hps\">El\u00e9ments<\/span> De Change <span class=\"hps\">sous la devise<\/span>: C<span class=\"hps\">ycles de la vie<\/span>!<br \/>\n<span class=\"hps\">3.<\/span> <span class=\"hps\">MTC<\/span> <span class=\"hps\">diagnostic<\/span> <span class=\"hps\">sous la devise<\/span>: <span class=\"hps\">D\u00e9crypter<\/span> <span class=\"hps\">le langage de <span class=\"hps\">signe<\/span> de notre<\/span> <span class=\"hps\">corps<\/span><span class=\"hps\">!<\/span><\/p>\n<p style=\"text-align: justify;\"><span class=\"hps\">Ces<\/span> <span class=\"hps\">s\u00e9minaires<\/span> <span class=\"hps\">visent non seulement<\/span> <span class=\"hps\">sur l&rsquo;\u00e9coute<\/span> <span class=\"hps\">pure, mais<\/span> <span class=\"hps\">\u00e9galement inviter<\/span> <span class=\"hps\">\u00e0 l&rsquo;activit\u00e9<\/span>.<\/p>\n<p><span class=\"hps\">Puisque la musique<\/span> <span class=\"hps\">et la m\u00e9decine<\/span> <span class=\"hps\">traditionnelle chinoise<\/span> <span class=\"hps\">ont<\/span> <span class=\"hps\">beaucoup de parall\u00e8les<\/span> <span class=\"hps atn\">et des ann\u00e9es d&rsquo;<\/span><span class=\"\">exp\u00e9rience\u00a0<\/span><span class=\"hps\">nous relie<\/span> <span class=\"hps\">avec cet art<\/span> <span class=\"hps\"><span id=\"result_box\" class=\"short_text\" lang=\"fr\">de gu\u00e9rir<\/span><\/span> <span class=\"hps\">fascinant<\/span>, <span class=\"hps\">nous sommes<\/span> <span class=\"hps\">heureux de partager notre<\/span> <span class=\"hps\">savoir-faire<\/span> <span class=\"hps\">sur les<\/span> <span class=\"hps\">meilleurs m\u00e9decins<\/span> <span class=\"hps\">l\u00e0-bas<\/span>: <span class=\"hps atn\">L<span id=\"result_box\" class=\"short_text\" lang=\"fr\"><span class=\"hps\">es pouvoirs<\/span> <span class=\"hps\">d&rsquo;auto-gu\u00e9rison<\/span><\/span><\/span><span class=\"\">!<\/span> <span class=\"hps\">&#8211; Pas de<\/span> <span class=\"hps\">doute \u00e0 ce sujet<\/span>! <span class=\"hps\">&#8211;<\/span> <span class=\"hps\">L&rsquo;un des<\/span> <span class=\"hps\">dons les plus pr\u00e9cieux<\/span> <span class=\"hps\">de la nature<\/span><span class=\"\">!<\/span><\/p>\n<p style=\"text-align: justify;\">Vous souhaitez plus d&rsquo;informations? &#8211; Contactez-nous!<\/p>\n","protected":false},"excerpt":{"rendered":"<p>L&rsquo;accent des s\u00e9minaires de MTC est mis sur l&rsquo;\u00e9change de connaissances pr\u00e9cieuses sur cet art de gu\u00e9rir extraordinairement efficace (MTC = m\u00e9decine traditionnelle chinoise). 1. S\u00e9minaire d&rsquo;introduction sous le th\u00e8me: MTC &#8211; la sant\u00e9 pur! Les temps de test! 2. Les Cinq El\u00e9ments De Change sous la devise: Cycles de la vie! 3. MTC diagnostic [&hellip;]<\/p>\n","protected":false},"author":1,"featured_media":0,"parent":0,"menu_order":0,"comment_status":"closed","ping_status":"closed","template":"","meta":[],"_links":{"self":[{"href":"https:\/\/revelation-music.de\/fr\/wp-json\/wp\/v2\/pages\/96"}],"collection":[{"href":"https:\/\/revelation-music.de\/fr\/wp-json\/wp\/v2\/pages"}],"about":[{"href":"https:\/\/revelation-music.de\/fr\/wp-json\/wp\/v2\/types\/page"}],"author":[{"embeddable":true,"href":"https:\/\/revelation-music.de\/fr\/wp-json\/wp\/v2\/users\/1"}],"replies":[{"embeddable":true,"href":"https:\/\/revelation-music.de\/fr\/wp-json\/wp\/v2\/comments?post=96"}],"version-history":[{"count":9,"href":"https:\/\/revelation-music.de\/fr\/wp-json\/wp\/v2\/pages\/96\/revisions"}],"predecessor-version":[{"id":545,"href":"https:\/\/revelation-music.de\/fr\/wp-json\/wp\/v2\/pages\/96\/revisions\/545"}],"wp:attachment":[{"href":"https:\/\/revelation-music.de\/fr\/wp-json\/wp\/v2\/media?parent=96"}],"curies":[{"name":"wp","href":"https:\/\/api.w.org\/{rel}","templated":true}]}}