{"id":86,"date":"2015-05-07T18:50:27","date_gmt":"2015-05-07T16:50:27","guid":{"rendered":"http:\/\/revelation-music.de\/fr\/?page_id=86"},"modified":"2015-12-29T19:57:54","modified_gmt":"2015-12-29T18:57:54","slug":"revelation-spectacle-stade","status":"publish","type":"page","link":"https:\/\/revelation-music.de\/fr\/revelation-spectacle-stade\/","title":{"rendered":"la sc\u00e8ne de spectacle mobile"},"content":{"rendered":"<p style=\"text-align: center;\">\u00a0La sc\u00e8ne de spectacle mobile de REVELATION en plein air<\/p>\n<p style=\"text-align: center;\"><a href=\"http:\/\/revelation-music.de\/fr\/wp-content\/uploads\/sites\/4\/2015\/05\/Truck_Panorama1.jpg\" target=\"_blank\"><img loading=\"lazy\" class=\"alignnone wp-image-425\" src=\"http:\/\/revelation-music.de\/fr\/wp-content\/uploads\/sites\/4\/2015\/05\/Truck_Panorama1-300x52.jpg\" alt=\"Truck_Panorama1\" width=\"320\" height=\"62\" \/><\/a><\/p>\n<p style=\"text-align: justify;\">Vivre l&rsquo;exp\u00e9rience de REVELATION en live, est certainement une exp\u00e9rience extraordinaire \u2013 mais quand un concert d\u00b4Artmusic ou un concert d\u00b4Artrock de REVELATION auront lieu sur le propre plate-forme mobile en plein air, ces \u00e9v\u00e9nements seront probablement un peu plus excitants.<\/p>\n<p style=\"text-align: center;\">Vous trouvez plus de d\u00e9tails &#8230;<\/p>\n<p style=\"text-align: center;\"><a href=\"http:\/\/revelation-music.de\/fr\/wp-content\/uploads\/sites\/4\/2015\/05\/Truck-1-TOP.jpg\" target=\"_blank\"><img loading=\"lazy\" class=\"alignnone wp-image-282\" src=\"http:\/\/revelation-music.de\/fr\/wp-content\/uploads\/sites\/4\/2015\/05\/Truck-1-TOP-300x259.jpg\" alt=\"Truck 1 TOP\" width=\"258\" height=\"222\" srcset=\"https:\/\/revelation-music.de\/fr\/wp-content\/uploads\/sites\/4\/2015\/05\/Truck-1-TOP-300x259.jpg 300w, https:\/\/revelation-music.de\/fr\/wp-content\/uploads\/sites\/4\/2015\/05\/Truck-1-TOP-1024x883.jpg 1024w, https:\/\/revelation-music.de\/fr\/wp-content\/uploads\/sites\/4\/2015\/05\/Truck-1-TOP-624x538.jpg 624w, https:\/\/revelation-music.de\/fr\/wp-content\/uploads\/sites\/4\/2015\/05\/Truck-1-TOP.jpg 1894w\" sizes=\"(max-width: 258px) 100vw, 258px\" \/><\/a><\/p>\n<p style=\"text-align: center;\">&#8230; sur le poids lourd de REVELATION &#8230;<\/p>\n<p style=\"text-align: center;\"><a href=\"http:\/\/revelation-music.de\/fr\/wp-content\/uploads\/sites\/4\/2015\/05\/Truck-4.jpg\" target=\"_blank\"><img loading=\"lazy\" class=\"alignnone wp-image-424 size-medium\" src=\"http:\/\/revelation-music.de\/fr\/wp-content\/uploads\/sites\/4\/2015\/05\/Truck-4-300x224.jpg\" alt=\"OLYMPUS DIGITAL CAMERA\" width=\"300\" height=\"224\" srcset=\"https:\/\/revelation-music.de\/fr\/wp-content\/uploads\/sites\/4\/2015\/05\/Truck-4-300x224.jpg 300w, https:\/\/revelation-music.de\/fr\/wp-content\/uploads\/sites\/4\/2015\/05\/Truck-4-1024x766.jpg 1024w, https:\/\/revelation-music.de\/fr\/wp-content\/uploads\/sites\/4\/2015\/05\/Truck-4-600x449.jpg 600w, https:\/\/revelation-music.de\/fr\/wp-content\/uploads\/sites\/4\/2015\/05\/Truck-4-624x467.jpg 624w\" sizes=\"(max-width: 300px) 100vw, 300px\" \/><\/a><\/p>\n<p style=\"text-align: center;\">&#8230; sur notre site Flash.<\/p>\n<p style=\"text-align: center;\"><a href=\"http:\/\/revelation-music.de\/fr\/wp-content\/uploads\/sites\/4\/2015\/05\/Truck-2.jpg\" target=\"_blank\"><img loading=\"lazy\" class=\"alignnone wp-image-423 size-medium\" src=\"http:\/\/revelation-music.de\/fr\/wp-content\/uploads\/sites\/4\/2015\/05\/Truck-2-300x224.jpg\" alt=\"OLYMPUS DIGITAL CAMERA\" width=\"300\" height=\"224\" srcset=\"https:\/\/revelation-music.de\/fr\/wp-content\/uploads\/sites\/4\/2015\/05\/Truck-2-300x224.jpg 300w, https:\/\/revelation-music.de\/fr\/wp-content\/uploads\/sites\/4\/2015\/05\/Truck-2-1024x766.jpg 1024w, https:\/\/revelation-music.de\/fr\/wp-content\/uploads\/sites\/4\/2015\/05\/Truck-2-600x449.jpg 600w, https:\/\/revelation-music.de\/fr\/wp-content\/uploads\/sites\/4\/2015\/05\/Truck-2-624x467.jpg 624w\" sizes=\"(max-width: 300px) 100vw, 300px\" \/><\/a><\/p>\n","protected":false},"excerpt":{"rendered":"<p>\u00a0La sc\u00e8ne de spectacle mobile de REVELATION en plein air Vivre l&rsquo;exp\u00e9rience de REVELATION en live, est certainement une exp\u00e9rience extraordinaire \u2013 mais quand un concert d\u00b4Artmusic ou un concert d\u00b4Artrock de REVELATION auront lieu sur le propre plate-forme mobile en plein air, ces \u00e9v\u00e9nements seront probablement un peu plus excitants. Vous trouvez plus de [&hellip;]<\/p>\n","protected":false},"author":1,"featured_media":0,"parent":0,"menu_order":0,"comment_status":"open","ping_status":"open","template":"","meta":[],"_links":{"self":[{"href":"https:\/\/revelation-music.de\/fr\/wp-json\/wp\/v2\/pages\/86"}],"collection":[{"href":"https:\/\/revelation-music.de\/fr\/wp-json\/wp\/v2\/pages"}],"about":[{"href":"https:\/\/revelation-music.de\/fr\/wp-json\/wp\/v2\/types\/page"}],"author":[{"embeddable":true,"href":"https:\/\/revelation-music.de\/fr\/wp-json\/wp\/v2\/users\/1"}],"replies":[{"embeddable":true,"href":"https:\/\/revelation-music.de\/fr\/wp-json\/wp\/v2\/comments?post=86"}],"version-history":[{"count":11,"href":"https:\/\/revelation-music.de\/fr\/wp-json\/wp\/v2\/pages\/86\/revisions"}],"predecessor-version":[{"id":466,"href":"https:\/\/revelation-music.de\/fr\/wp-json\/wp\/v2\/pages\/86\/revisions\/466"}],"wp:attachment":[{"href":"https:\/\/revelation-music.de\/fr\/wp-json\/wp\/v2\/media?parent=86"}],"curies":[{"name":"wp","href":"https:\/\/api.w.org\/{rel}","templated":true}]}}