{"id":84,"date":"2015-05-07T18:48:52","date_gmt":"2015-05-07T16:48:52","guid":{"rendered":"http:\/\/revelation-music.de\/fr\/?page_id=84"},"modified":"2015-05-20T20:18:19","modified_gmt":"2015-05-20T18:18:19","slug":"publicite","status":"publish","type":"page","link":"https:\/\/revelation-music.de\/fr\/publicite\/","title":{"rendered":"publicit\u00e9"},"content":{"rendered":"<p style=\"text-align: justify;\"><strong>La notre zone de travail<\/strong> <strong>de<\/strong> <strong>la publicit\u00e9<\/strong> <strong>qualitative<\/strong><\/p>\n<p style=\"text-align: justify;\">REVELATION veut assurer la publicit\u00e9 de qualit\u00e9 en permanence \u2013 voil\u00e0 pourquoi nous faisons notre publicit\u00e9 exclusivement nous-m\u00eames.<\/p>\n<p style=\"text-align: justify;\"><strong>P<\/strong>arce que nous avons des exigences \u00e9lev\u00e9es sur nous-m\u00eames, nous voulons faire notre propre publicit\u00e9 pour laquelle nous sommes aussi responsables: Honn\u00eate, pur et optimis\u00e9 informative.<\/p>\n<p style=\"text-align: justify;\">Cette publicit\u00e9 comporte une valeur artistique en soi.<\/p>\n<p style=\"text-align: justify;\"><strong>P<\/strong>our REVELATION de l&rsquo;art et de la publicit\u00e9 sont \u00e9troitement li\u00e9s, r\u00e9fl\u00e9chissant, communicative \u2013 la publicit\u00e9 qualitative est assur\u00e9e.<\/p>\n<p style=\"text-align: justify;\"><strong>C<\/strong>omme nos offres musicales sont polyvalents et en croissance constante, nous devons aussi toujours nouveau mat\u00e9riel promotionnel \u2013 donc, cette zone de travail sera toujours soutenir notre d\u00e9veloppement \u2026<\/p>\n","protected":false},"excerpt":{"rendered":"<p>La notre zone de travail de la publicit\u00e9 qualitative REVELATION veut assurer la publicit\u00e9 de qualit\u00e9 en permanence \u2013 voil\u00e0 pourquoi nous faisons notre publicit\u00e9 exclusivement nous-m\u00eames. Parce que nous avons des exigences \u00e9lev\u00e9es sur nous-m\u00eames, nous voulons faire notre propre publicit\u00e9 pour laquelle nous sommes aussi responsables: Honn\u00eate, pur et optimis\u00e9 informative. Cette publicit\u00e9 [&hellip;]<\/p>\n","protected":false},"author":1,"featured_media":0,"parent":0,"menu_order":0,"comment_status":"open","ping_status":"open","template":"","meta":[],"_links":{"self":[{"href":"https:\/\/revelation-music.de\/fr\/wp-json\/wp\/v2\/pages\/84"}],"collection":[{"href":"https:\/\/revelation-music.de\/fr\/wp-json\/wp\/v2\/pages"}],"about":[{"href":"https:\/\/revelation-music.de\/fr\/wp-json\/wp\/v2\/types\/page"}],"author":[{"embeddable":true,"href":"https:\/\/revelation-music.de\/fr\/wp-json\/wp\/v2\/users\/1"}],"replies":[{"embeddable":true,"href":"https:\/\/revelation-music.de\/fr\/wp-json\/wp\/v2\/comments?post=84"}],"version-history":[{"count":4,"href":"https:\/\/revelation-music.de\/fr\/wp-json\/wp\/v2\/pages\/84\/revisions"}],"predecessor-version":[{"id":154,"href":"https:\/\/revelation-music.de\/fr\/wp-json\/wp\/v2\/pages\/84\/revisions\/154"}],"wp:attachment":[{"href":"https:\/\/revelation-music.de\/fr\/wp-json\/wp\/v2\/media?parent=84"}],"curies":[{"name":"wp","href":"https:\/\/api.w.org\/{rel}","templated":true}]}}