{"id":82,"date":"2015-05-07T18:47:24","date_gmt":"2015-05-07T16:47:24","guid":{"rendered":"http:\/\/revelation-music.de\/fr\/?page_id=82"},"modified":"2015-12-29T19:03:45","modified_gmt":"2015-12-29T18:03:45","slug":"les-evenements-promotionnels","status":"publish","type":"page","link":"https:\/\/revelation-music.de\/fr\/les-evenements-promotionnels\/","title":{"rendered":"les \u00e9v\u00e9nements promotionnels"},"content":{"rendered":"<p style=\"text-align: justify;\">Notre musique, surtout du genre ARTMUSIC, est id\u00e9ale pour des concerts et des \u00e9v\u00e9nements promotionnels &#8211; nous pouvons maintenant faire nos \u00e9v\u00e9nements promotionnels beaucoup plus anim\u00e9e et plus diversifi\u00e9e.<\/p>\n","protected":false},"excerpt":{"rendered":"<p>Notre musique, surtout du genre ARTMUSIC, est id\u00e9ale pour des concerts et des \u00e9v\u00e9nements promotionnels &#8211; nous pouvons maintenant faire nos \u00e9v\u00e9nements promotionnels beaucoup plus anim\u00e9e et plus diversifi\u00e9e.<\/p>\n","protected":false},"author":1,"featured_media":0,"parent":0,"menu_order":0,"comment_status":"open","ping_status":"open","template":"","meta":[],"_links":{"self":[{"href":"https:\/\/revelation-music.de\/fr\/wp-json\/wp\/v2\/pages\/82"}],"collection":[{"href":"https:\/\/revelation-music.de\/fr\/wp-json\/wp\/v2\/pages"}],"about":[{"href":"https:\/\/revelation-music.de\/fr\/wp-json\/wp\/v2\/types\/page"}],"author":[{"embeddable":true,"href":"https:\/\/revelation-music.de\/fr\/wp-json\/wp\/v2\/users\/1"}],"replies":[{"embeddable":true,"href":"https:\/\/revelation-music.de\/fr\/wp-json\/wp\/v2\/comments?post=82"}],"version-history":[{"count":7,"href":"https:\/\/revelation-music.de\/fr\/wp-json\/wp\/v2\/pages\/82\/revisions"}],"predecessor-version":[{"id":461,"href":"https:\/\/revelation-music.de\/fr\/wp-json\/wp\/v2\/pages\/82\/revisions\/461"}],"wp:attachment":[{"href":"https:\/\/revelation-music.de\/fr\/wp-json\/wp\/v2\/media?parent=82"}],"curies":[{"name":"wp","href":"https:\/\/api.w.org\/{rel}","templated":true}]}}