{"id":80,"date":"2015-05-07T18:46:06","date_gmt":"2015-05-07T16:46:06","guid":{"rendered":"http:\/\/revelation-music.de\/fr\/?page_id=80"},"modified":"2015-10-19T20:36:33","modified_gmt":"2015-10-19T18:36:33","slug":"presentation","status":"publish","type":"page","link":"https:\/\/revelation-music.de\/fr\/presentation\/","title":{"rendered":"Pr\u00e9sentation"},"content":{"rendered":"<p style=\"text-align: justify;\"><span id=\"result_box\" class=\"\" lang=\"fr\" tabindex=\"-1\"><span class=\"hps\">REVELATION<\/span> <span class=\"hps\">se tient pour des performances professionnelles, des arrangements r\u00e9put\u00e9s et fiables avec les organisateurs et l&rsquo;engagement flexible.<\/span><br \/>\n<\/span><\/p>\n<p style=\"text-align: center;\"><span id=\"result_box\" class=\"\" lang=\"fr\" tabindex=\"-1\"><span class=\"hps\">Notre<\/span> <span class=\"hps\">revendication<\/span> <span class=\"hps\">artistique<\/span> <span class=\"hps\">est li\u00e9e<\/span> <span class=\"hps\">\u00e0 un d\u00e9veloppement continu<\/span><span class=\"\"> &#8211;<\/span><\/span><br \/>\nparticuli\u00e8rement pr\u00e9cieux pour le propre travail dans le domaine de l&rsquo;art authentique est<br \/>\nde trouver sans cesse de nouvelles fa\u00e7ons de pr\u00e9sentation de lui-m\u00eame.<\/p>\n<p style=\"text-align: center;\">Cet \u00e9l\u00e9ment de menu est un petit aper\u00e7u de la fa\u00e7on dont le duo de<br \/>\nREVELATION con\u00e7u sa publicit\u00e9 &#8230;<\/p>\n<!--[if lt IE 9]><script>document.createElement('audio');<\/script><![endif]-->\n<audio class=\"wp-audio-shortcode\" id=\"audio-80-1\" preload=\"none\" style=\"width: 100%;\" controls=\"controls\"><source type=\"audio\/mpeg\" src=\"http:\/\/revelation-music.de\/wp-content\/uploads\/2014\/11\/revi_winter1.mp3?_=1\" \/><a href=\"http:\/\/revelation-music.de\/wp-content\/uploads\/2014\/11\/revi_winter1.mp3\">http:\/\/revelation-music.de\/wp-content\/uploads\/2014\/11\/revi_winter1.mp3<\/a><\/audio>\n","protected":false},"excerpt":{"rendered":"<p>REVELATION se tient pour des performances professionnelles, des arrangements r\u00e9put\u00e9s et fiables avec les organisateurs et l&rsquo;engagement flexible. Notre revendication artistique est li\u00e9e \u00e0 un d\u00e9veloppement continu &#8211; particuli\u00e8rement pr\u00e9cieux pour le propre travail dans le domaine de l&rsquo;art authentique est de trouver sans cesse de nouvelles fa\u00e7ons de pr\u00e9sentation de lui-m\u00eame. Cet \u00e9l\u00e9ment de [&hellip;]<\/p>\n","protected":false},"author":1,"featured_media":0,"parent":0,"menu_order":0,"comment_status":"open","ping_status":"open","template":"","meta":[],"_links":{"self":[{"href":"https:\/\/revelation-music.de\/fr\/wp-json\/wp\/v2\/pages\/80"}],"collection":[{"href":"https:\/\/revelation-music.de\/fr\/wp-json\/wp\/v2\/pages"}],"about":[{"href":"https:\/\/revelation-music.de\/fr\/wp-json\/wp\/v2\/types\/page"}],"author":[{"embeddable":true,"href":"https:\/\/revelation-music.de\/fr\/wp-json\/wp\/v2\/users\/1"}],"replies":[{"embeddable":true,"href":"https:\/\/revelation-music.de\/fr\/wp-json\/wp\/v2\/comments?post=80"}],"version-history":[{"count":7,"href":"https:\/\/revelation-music.de\/fr\/wp-json\/wp\/v2\/pages\/80\/revisions"}],"predecessor-version":[{"id":432,"href":"https:\/\/revelation-music.de\/fr\/wp-json\/wp\/v2\/pages\/80\/revisions\/432"}],"wp:attachment":[{"href":"https:\/\/revelation-music.de\/fr\/wp-json\/wp\/v2\/media?parent=80"}],"curies":[{"name":"wp","href":"https:\/\/api.w.org\/{rel}","templated":true}]}}