{"id":54,"date":"2015-05-07T18:22:13","date_gmt":"2015-05-07T16:22:13","guid":{"rendered":"http:\/\/revelation-music.de\/fr\/?page_id=54"},"modified":"2015-05-20T20:10:53","modified_gmt":"2015-05-20T18:10:53","slug":"semaine-de-la-culture","status":"publish","type":"page","link":"https:\/\/revelation-music.de\/fr\/semaine-de-la-culture\/","title":{"rendered":"la semaine culturelle de REVELATION"},"content":{"rendered":"<p style=\"text-align: justify;\">L&rsquo;offre musicale globale de REVELATION est aujourd&rsquo;hui si vaste que les offres individuelles peuvent \u00e0 tout moment de mettre sur pied une vari\u00e9t\u00e9 de programmes qui peuvent \u00eatre pr\u00e9sent\u00e9s sur plusieurs jours dans le cadre d&rsquo;une semaine culturelle.<\/p>\n","protected":false},"excerpt":{"rendered":"<p>L&rsquo;offre musicale globale de REVELATION est aujourd&rsquo;hui si vaste que les offres individuelles peuvent \u00e0 tout moment de mettre sur pied une vari\u00e9t\u00e9 de programmes qui peuvent \u00eatre pr\u00e9sent\u00e9s sur plusieurs jours dans le cadre d&rsquo;une semaine culturelle.<\/p>\n","protected":false},"author":1,"featured_media":0,"parent":0,"menu_order":0,"comment_status":"open","ping_status":"open","template":"","meta":[],"_links":{"self":[{"href":"https:\/\/revelation-music.de\/fr\/wp-json\/wp\/v2\/pages\/54"}],"collection":[{"href":"https:\/\/revelation-music.de\/fr\/wp-json\/wp\/v2\/pages"}],"about":[{"href":"https:\/\/revelation-music.de\/fr\/wp-json\/wp\/v2\/types\/page"}],"author":[{"embeddable":true,"href":"https:\/\/revelation-music.de\/fr\/wp-json\/wp\/v2\/users\/1"}],"replies":[{"embeddable":true,"href":"https:\/\/revelation-music.de\/fr\/wp-json\/wp\/v2\/comments?post=54"}],"version-history":[{"count":2,"href":"https:\/\/revelation-music.de\/fr\/wp-json\/wp\/v2\/pages\/54\/revisions"}],"predecessor-version":[{"id":150,"href":"https:\/\/revelation-music.de\/fr\/wp-json\/wp\/v2\/pages\/54\/revisions\/150"}],"wp:attachment":[{"href":"https:\/\/revelation-music.de\/fr\/wp-json\/wp\/v2\/media?parent=54"}],"curies":[{"name":"wp","href":"https:\/\/api.w.org\/{rel}","templated":true}]}}