{"id":527,"date":"2018-04-30T20:11:50","date_gmt":"2018-04-30T18:11:50","guid":{"rendered":"http:\/\/revelation-music.de\/fr\/?page_id=527"},"modified":"2018-04-30T21:16:22","modified_gmt":"2018-04-30T19:16:22","slug":"reactions","status":"publish","type":"page","link":"https:\/\/revelation-music.de\/fr\/reactions\/","title":{"rendered":"R\u00e9actions"},"content":{"rendered":"<p style=\"text-align: center;\"><strong><span id=\"result_box\" class=\"\" lang=\"fr\"><span title=\"REVELATION Music Events \u2013 Feedback \"><span id=\"result_box\" class=\"short_text\" lang=\"fr\"><span class=\"\">\u00c9v\u00e9nements musicaux<\/span><\/span> de REVELATION &#8211; Commentaires<\/span><\/span><\/strong><\/p>\n<p style=\"text-align: center;\"><span title=\"Was wir an Reaktionen auf unsere Events erlebt haben, hat uns echt ber\u00fchrt : \">Ce que nous avons v\u00e9cu dans les r\u00e9actions \u00e0 nos \u00e9v\u00e9nements nous a vraiment touch\u00e9s :<\/span><\/p>\n<p style=\"text-align: center;\"><span title=\"\u201eDas war wirklich eine Offenbarung !\u201c \">\u00ab\u00a0C&rsquo;\u00e9tait vraiment une r\u00e9v\u00e9lation !\u00a0\u00bb<br \/>\n<\/span><strong><span title=\"Reaktion auf Artmusic-Konzert \">R\u00e9action au concert d&rsquo;Artmusic<\/span><\/strong><\/p>\n<p style=\"text-align: center;\"><span title=\"\u201eDas erinnert mich an die Zeit, als Musiker noch alles aus \">\u00ab\u00a0<\/span><span title=\"sich und Ihren Instrumenten herausgeholt haben.\u201c \"><span id=\"result_box\" class=\"\" lang=\"fr\"><span class=\"\">Cela me rappelle le temps, en tant que musiciens ont donn\u00e9 tout encore<br \/>\npour la musique<\/span><\/span>.\u00a0\u00bb<br \/>\n<\/span><strong><span title=\"Reaktion auf Artrock-Musical \">R\u00e9action \u00e0 Artrock Musical<\/span><\/strong><\/p>\n<p style=\"text-align: center;\"><span title=\"\u201eIch wusste gar nicht, dass Liebe so viele Gesichter hat \u2013 \">\u00ab\u00a0Je ne savais pas que l&rsquo;amour a tant de visages &#8211; <\/span><span title=\"tolle Idee, daraus eine Party zu machen.\u201c \">bonne id\u00e9e d&rsquo;en faire une f\u00eate.\u00a0\u00bb<br \/>\n<\/span><span title=\"\u201eWie ist das, wenn man sieht, dass Leute auf die eigene Musik tanzen ?\u201c \">\u00ab\u00a0<span class=\"\">Comment \u00e7a se passe pour vous quand quelqu&rsquo;un danse sur votre musique <\/span>?\u00a0\u00bb<br \/>\n<\/span><strong><span title=\"Reaktionen auf REVELATION\u00b4s Party \">R\u00e9actions \u00e0 la f\u00eate de REVELATION<\/span><\/strong><\/p>\n<p style=\"text-align: center;\"><span title=\"\u201eIch hab\u00b4 selbst schon richtig Lust gekriegt.\u201c \">\u00ab\u00a0Je me suis vraiment mis dans l&rsquo;ambiance.\u00a0\u00bb<br \/>\n<\/span><span title=\"\u201eBei dem, was man heute noch so mitkriegt, kann man sich \">\u00ab\u00a0Avec ce que vous pouvez entendre aujourd&rsquo;hui, vous ne pouvez <\/span><span title=\"gar nicht vorstellen, wie vielseitig dieses Instrument ist.\u201c \">pas imaginer<br \/>\n\u00e0 quel point cet instrument est polyvalent.\u00a0\u00bb<br \/>\n<\/span><strong><span title=\"Reaktionen auf Schlagzeug Performance \">R\u00e9ponses \u00e0 la performance des percussions<\/span><\/strong><\/p>\n<p style=\"text-align: center;\"><span title=\"\u201eWow, wie Eure Musik entstanden ist !\">\u00ab\u00a0Wow, comment votre musique a \u00e9t\u00e9 cr\u00e9\u00e9e! <\/span><span title=\"\u2013 Tolles Inside Event !\u201c \">&#8211; Grand \u00e9v\u00e9nement \u00e0 l&rsquo;int\u00e9rieur !\u00a0\u00bb<br \/>\n<\/span><strong><span title=\"Reaktion auf Keyboard Performance \">R\u00e9ponse <span title=\"Reaktionen auf Schlagzeug Performance \">\u00e0 la performance<\/span> du clavier<\/span><\/strong><\/p>\n<p style=\"text-align: center;\"><span title=\"\u201eWas seid Ihr eigentlich ?\">\u00ab\u00a0Qu&rsquo;est-ce que vous \u00eates ? <\/span><span title=\"\u2013 Gibt\u00b4s daf\u00fcr einen Namen ?\u201c \">&#8211; Y a-t-il un nom ?\u00a0\u00bb<br \/>\n<\/span><strong><span title=\"Reaktion auf Pr\u00e4sentation \">R\u00e9action \u00e0 la pr\u00e9sentation<\/span><\/strong><\/p>\n<p style=\"text-align: center;\"><span title=\"\u201eIch habe noch nie geh\u00f6rt, dass jemand solche Aussagen \u00fcber seine eigenen Gesangstexte und seine Musik macht und dazu auch noch ein Buch verfasst hat.\u201c \">\u00ab\u00a0Je n&rsquo;ai jamais entendu quelqu&rsquo;un faire de telles d\u00e9clarations au sujet de ses propres<br \/>\ntextes vocaux et de la musique, et il a \u00e9galement \u00e9crit un livre \u00e0 ce sujet.\u00a0\u00bb<br \/>\n<\/span><strong><span title=\"Reaktion auf K\u00fcnstlerischen Vortrag \">R\u00e9action \u00e0 une conf\u00e9rence artistique<\/span><\/strong><\/p>\n<p style=\"text-align: center;\"><span title=\"\u201eDie Musikp\u00e4dagogin Martina Ertel hat heute rund 100 Kinder \">\u00ab\u00a0Aujourd&rsquo;hui l&rsquo;enseignante de musique Martina Ertel\u00a0<span id=\"result_box\" class=\"\" lang=\"fr\"><span class=\"\">a inspir\u00e9 <\/span><\/span> environ 100 enfants<br \/>\n<\/span><span title=\"zwischen 3 und 6 Jahren gemeinsam f\u00fcr Musik begeistern k\u00f6nnen \u2013 \">entre 3 et 6 ans pour<span id=\"result_box\" class=\"\" lang=\"fr\"><span class=\"\"> \u00e0 la musique ensemble<\/span><\/span> &#8211; <\/span><span title=\"in den musikalischen Pausen h\u00e4tte man eine Stecknadel fallen h\u00f6ren k\u00f6nnen.\u201c \">dans les pauses musicales,<br \/>\nvous auriez pu entendre tomber une \u00e9pingle. \u00a0\u00bb<br \/>\n<\/span><strong><span title=\"Reaktion auf Kinder-Musik-Spa\u00df im Kindergarten in Bad Honnef\">R\u00e9action \u00e0 l\u00b4<span title=\"\u2013 Tolles Inside Event !\u201c \">\u00e9v\u00e9nement<\/span> Enfants-Musique-Joie au jardin d&rsquo;enfants de Bad Honnef<\/span><\/strong><\/p>\n","protected":false},"excerpt":{"rendered":"<p>\u00c9v\u00e9nements musicaux de REVELATION &#8211; Commentaires Ce que nous avons v\u00e9cu dans les r\u00e9actions \u00e0 nos \u00e9v\u00e9nements nous a vraiment touch\u00e9s : \u00ab\u00a0C&rsquo;\u00e9tait vraiment une r\u00e9v\u00e9lation !\u00a0\u00bb R\u00e9action au concert d&rsquo;Artmusic \u00ab\u00a0Cela me rappelle le temps, en tant que musiciens ont donn\u00e9 tout encore pour la musique.\u00a0\u00bb R\u00e9action \u00e0 Artrock Musical \u00ab\u00a0Je ne savais pas [&hellip;]<\/p>\n","protected":false},"author":1,"featured_media":0,"parent":0,"menu_order":0,"comment_status":"closed","ping_status":"closed","template":"","meta":[],"_links":{"self":[{"href":"https:\/\/revelation-music.de\/fr\/wp-json\/wp\/v2\/pages\/527"}],"collection":[{"href":"https:\/\/revelation-music.de\/fr\/wp-json\/wp\/v2\/pages"}],"about":[{"href":"https:\/\/revelation-music.de\/fr\/wp-json\/wp\/v2\/types\/page"}],"author":[{"embeddable":true,"href":"https:\/\/revelation-music.de\/fr\/wp-json\/wp\/v2\/users\/1"}],"replies":[{"embeddable":true,"href":"https:\/\/revelation-music.de\/fr\/wp-json\/wp\/v2\/comments?post=527"}],"version-history":[{"count":8,"href":"https:\/\/revelation-music.de\/fr\/wp-json\/wp\/v2\/pages\/527\/revisions"}],"predecessor-version":[{"id":536,"href":"https:\/\/revelation-music.de\/fr\/wp-json\/wp\/v2\/pages\/527\/revisions\/536"}],"wp:attachment":[{"href":"https:\/\/revelation-music.de\/fr\/wp-json\/wp\/v2\/media?parent=527"}],"curies":[{"name":"wp","href":"https:\/\/api.w.org\/{rel}","templated":true}]}}