{"id":52,"date":"2015-05-07T18:21:07","date_gmt":"2015-05-07T16:21:07","guid":{"rendered":"http:\/\/revelation-music.de\/fr\/?page_id=52"},"modified":"2015-12-10T19:11:10","modified_gmt":"2015-12-10T18:11:10","slug":"les-programmes-de-jour","status":"publish","type":"page","link":"https:\/\/revelation-music.de\/fr\/les-programmes-de-jour\/","title":{"rendered":"programmes de jour"},"content":{"rendered":"<p style=\"text-align: justify;\">Si nous allons vous donner un programme de l&rsquo;apr\u00e8s-midi, de la soir\u00e9e ou de la journ\u00e9e sur mesure selon vos souhaits ou s\u2019il est \u00e0 propos les \u00e9v\u00e9nements propos\u00e9s par nous-m\u00eames, toutes les performances garanties de succ\u00e8s, parce qu\u00b4elles sont pr\u00e9par\u00e9es tr\u00e8s bien.<\/p>\n<p style=\"text-align: justify;\">Si plusieurs \u00e9v\u00e9nements surviennent en succession, elles correspondent exactement \u2013 de cette mani\u00e8re, un programme de jour peut \u00eatre organis\u00e9 avec succ\u00e8s.<\/p>\n<p style=\"text-align: justify;\">Contactez-Nous!<\/p>\n","protected":false},"excerpt":{"rendered":"<p>Si nous allons vous donner un programme de l&rsquo;apr\u00e8s-midi, de la soir\u00e9e ou de la journ\u00e9e sur mesure selon vos souhaits ou s\u2019il est \u00e0 propos les \u00e9v\u00e9nements propos\u00e9s par nous-m\u00eames, toutes les performances garanties de succ\u00e8s, parce qu\u00b4elles sont pr\u00e9par\u00e9es tr\u00e8s bien. Si plusieurs \u00e9v\u00e9nements surviennent en succession, elles correspondent exactement \u2013 de cette [&hellip;]<\/p>\n","protected":false},"author":1,"featured_media":0,"parent":0,"menu_order":0,"comment_status":"open","ping_status":"open","template":"","meta":[],"_links":{"self":[{"href":"https:\/\/revelation-music.de\/fr\/wp-json\/wp\/v2\/pages\/52"}],"collection":[{"href":"https:\/\/revelation-music.de\/fr\/wp-json\/wp\/v2\/pages"}],"about":[{"href":"https:\/\/revelation-music.de\/fr\/wp-json\/wp\/v2\/types\/page"}],"author":[{"embeddable":true,"href":"https:\/\/revelation-music.de\/fr\/wp-json\/wp\/v2\/users\/1"}],"replies":[{"embeddable":true,"href":"https:\/\/revelation-music.de\/fr\/wp-json\/wp\/v2\/comments?post=52"}],"version-history":[{"count":3,"href":"https:\/\/revelation-music.de\/fr\/wp-json\/wp\/v2\/pages\/52\/revisions"}],"predecessor-version":[{"id":438,"href":"https:\/\/revelation-music.de\/fr\/wp-json\/wp\/v2\/pages\/52\/revisions\/438"}],"wp:attachment":[{"href":"https:\/\/revelation-music.de\/fr\/wp-json\/wp\/v2\/media?parent=52"}],"curies":[{"name":"wp","href":"https:\/\/api.w.org\/{rel}","templated":true}]}}