{"id":513,"date":"2018-04-30T14:37:17","date_gmt":"2018-04-30T12:37:17","guid":{"rendered":"http:\/\/revelation-music.de\/fr\/?page_id=513"},"modified":"2018-04-30T14:37:17","modified_gmt":"2018-04-30T12:37:17","slug":"partenaires","status":"publish","type":"page","link":"https:\/\/revelation-music.de\/fr\/partenaires\/","title":{"rendered":"Partenaires"},"content":{"rendered":"<p style=\"text-align: center;\">Nos partenaires professionnels et appr\u00e9ci\u00e9s sont:<\/p>\n<p style=\"text-align: center;\"><strong>Amy Antin<\/strong><br \/>\nCompositeur, peintre<\/p>\n<p style=\"text-align: center;\"><strong>Prof. Dr. Frank Haunschild<\/strong><br \/>\nProfesseur de guitare jazz, auteur de manuels de musique, conf\u00e9rencier d&rsquo;atelier, compositeur<\/p>\n<p style=\"text-align: center;\"><strong>Franklin Mikangou &#8211; B\u00e9to<\/strong><br \/>\nChef du projet pour la promotion de la culture africaine et la coop\u00e9ration au d\u00e9veloppement en Allemagne<\/p>\n<p style=\"text-align: center;\"><span id=\"result_box\" class=\"\" lang=\"fr\"><span class=\"\"><strong>Fod\u00e9 Camara<\/strong><br \/>\nArtiste africain extraordinaire<br \/>\n<\/span><\/span><\/p>\n","protected":false},"excerpt":{"rendered":"<p>Nos partenaires professionnels et appr\u00e9ci\u00e9s sont: Amy Antin Compositeur, peintre Prof. Dr. Frank Haunschild Professeur de guitare jazz, auteur de manuels de musique, conf\u00e9rencier d&rsquo;atelier, compositeur Franklin Mikangou &#8211; B\u00e9to Chef du projet pour la promotion de la culture africaine et la coop\u00e9ration au d\u00e9veloppement en Allemagne Fod\u00e9 Camara Artiste africain extraordinaire<\/p>\n","protected":false},"author":1,"featured_media":0,"parent":0,"menu_order":0,"comment_status":"closed","ping_status":"closed","template":"","meta":[],"_links":{"self":[{"href":"https:\/\/revelation-music.de\/fr\/wp-json\/wp\/v2\/pages\/513"}],"collection":[{"href":"https:\/\/revelation-music.de\/fr\/wp-json\/wp\/v2\/pages"}],"about":[{"href":"https:\/\/revelation-music.de\/fr\/wp-json\/wp\/v2\/types\/page"}],"author":[{"embeddable":true,"href":"https:\/\/revelation-music.de\/fr\/wp-json\/wp\/v2\/users\/1"}],"replies":[{"embeddable":true,"href":"https:\/\/revelation-music.de\/fr\/wp-json\/wp\/v2\/comments?post=513"}],"version-history":[{"count":1,"href":"https:\/\/revelation-music.de\/fr\/wp-json\/wp\/v2\/pages\/513\/revisions"}],"predecessor-version":[{"id":514,"href":"https:\/\/revelation-music.de\/fr\/wp-json\/wp\/v2\/pages\/513\/revisions\/514"}],"wp:attachment":[{"href":"https:\/\/revelation-music.de\/fr\/wp-json\/wp\/v2\/media?parent=513"}],"curies":[{"name":"wp","href":"https:\/\/api.w.org\/{rel}","templated":true}]}}