{"id":48,"date":"2015-05-07T17:15:34","date_gmt":"2015-05-07T15:15:34","guid":{"rendered":"http:\/\/revelation-music.de\/fr\/?page_id=48"},"modified":"2015-09-04T21:20:09","modified_gmt":"2015-09-04T19:20:09","slug":"presentations-artistiques","status":"publish","type":"page","link":"https:\/\/revelation-music.de\/fr\/presentations-artistiques\/","title":{"rendered":"lectures artistiques"},"content":{"rendered":"<p style=\"text-align: justify;\">Dans l&rsquo;offre de l&rsquo;\u00e9v\u00e9nement du REVELATION la lecture artistique est quelque chose de sp\u00e9cial.<\/p>\n<p style=\"text-align: justify;\">Dans la lecture artistique il r\u00e9v\u00e8le le monde des id\u00e9es et des sentiments de REVELATION, qui se refl\u00e8te aussi dans les deux propres livres chansons et peut \u00eatre une source d&rsquo;inspiration de plusieurs fa\u00e7ons.<\/p>\n<p style=\"text-align: justify;\">La cr\u00e9ativit\u00e9 dans le mot artistique est accompagn\u00e9e par la musique impressionnante et auto-compos\u00e9 &#8211; tous les textes invitent l&rsquo;auditeur \u00e0 un voyage dans un monde de la r\u00e9v\u00e9lation et de la connaissance.<\/p>\n<p style=\"text-align: center;\">Pour plus d&rsquo;informations visitez notre site Flash.<\/p>\n","protected":false},"excerpt":{"rendered":"<p>Dans l&rsquo;offre de l&rsquo;\u00e9v\u00e9nement du REVELATION la lecture artistique est quelque chose de sp\u00e9cial. Dans la lecture artistique il r\u00e9v\u00e8le le monde des id\u00e9es et des sentiments de REVELATION, qui se refl\u00e8te aussi dans les deux propres livres chansons et peut \u00eatre une source d&rsquo;inspiration de plusieurs fa\u00e7ons. La cr\u00e9ativit\u00e9 dans le mot artistique est [&hellip;]<\/p>\n","protected":false},"author":1,"featured_media":0,"parent":0,"menu_order":0,"comment_status":"open","ping_status":"open","template":"","meta":[],"_links":{"self":[{"href":"https:\/\/revelation-music.de\/fr\/wp-json\/wp\/v2\/pages\/48"}],"collection":[{"href":"https:\/\/revelation-music.de\/fr\/wp-json\/wp\/v2\/pages"}],"about":[{"href":"https:\/\/revelation-music.de\/fr\/wp-json\/wp\/v2\/types\/page"}],"author":[{"embeddable":true,"href":"https:\/\/revelation-music.de\/fr\/wp-json\/wp\/v2\/users\/1"}],"replies":[{"embeddable":true,"href":"https:\/\/revelation-music.de\/fr\/wp-json\/wp\/v2\/comments?post=48"}],"version-history":[{"count":6,"href":"https:\/\/revelation-music.de\/fr\/wp-json\/wp\/v2\/pages\/48\/revisions"}],"predecessor-version":[{"id":348,"href":"https:\/\/revelation-music.de\/fr\/wp-json\/wp\/v2\/pages\/48\/revisions\/348"}],"wp:attachment":[{"href":"https:\/\/revelation-music.de\/fr\/wp-json\/wp\/v2\/media?parent=48"}],"curies":[{"name":"wp","href":"https:\/\/api.w.org\/{rel}","templated":true}]}}