{"id":46,"date":"2015-05-07T17:13:36","date_gmt":"2015-05-07T15:13:36","guid":{"rendered":"http:\/\/revelation-music.de\/fr\/?page_id=46"},"modified":"2015-12-29T18:59:27","modified_gmt":"2015-12-29T17:59:27","slug":"cours-de-musique","status":"publish","type":"page","link":"https:\/\/revelation-music.de\/fr\/cours-de-musique\/","title":{"rendered":"cours de musique"},"content":{"rendered":"<p style=\"text-align: justify;\">Si vous voulez participer \u00e0 un cours de musique unique ou d&rsquo;une s\u00e9rie de cours, les cours de musique de REVELATION encouragent la cr\u00e9ativit\u00e9 et donnent l&rsquo;inspiration.et la motivation \u00e0 chacun des participants \u00e2g\u00e9s de 6.<\/p>\n<p style=\"text-align: justify;\">Dans une s\u00e9rie de cours, chaque participant peut choisir ses propres cours individuels.<br \/>\nDes questions sont r\u00e9pondues d&rsquo;une mani\u00e8re simple.<\/p>\n<p style=\"text-align: justify;\">Lire la musique est pas n\u00e9cessaire. Il sera int\u00e9ressant, surtout pour ceux qui pensent qu&rsquo;ils sont ton sourd.<\/p>\n<p style=\"text-align: center;\"><strong>L&rsquo;offre de cours<\/strong> <strong>de musique:<\/strong><\/p>\n<p style=\"text-align: center;\"><strong>&#8211; Batterie &#8211;<\/strong><\/p>\n<p style=\"text-align: justify;\">Une s\u00e9rie de cours, qui se compose de 15 \u00e9v\u00e9nements individuelles avec les principaux sujets passionnants autour de tambourinage, par example le cours de d\u00e9butant, le cours d\u00b4interm\u00e9diaire, le cours de l&rsquo;art du jeu, le cours de rythme latine, le cours de rythme shuffle, le cours des tambours de basse double, le cours des signatures impaires.\u00a0\u00a0 (les grosses caisses)<\/p>\n<p style=\"text-align: center;\">\u00a0<strong>&#8211; <\/strong><strong>Percussion<\/strong><strong> &#8211;<\/strong><\/p>\n<p style=\"text-align: justify;\">Immersion dans le rythme de l&rsquo;aventure!<br \/>\nEn mani\u00e8re simple les techniques de base pour Conga et Djembe sont enseign\u00e9es dans ce cours unique &#8211; nous exp\u00e9rimentons ensemble simples rythmes de base d&rsquo;origine du latin et africain. Qui a son propre instrument peut apporter volontiers.<\/p>\n<p style=\"text-align: center;\"><strong>&#8211; <\/strong><strong>Danse<\/strong> <strong>africaine<\/strong><strong> &#8211;<\/strong><\/p>\n<p style=\"text-align: justify;\">Mouvements de danse africains donnent de la force et de la vitalit\u00e9 &#8211; Le corps et l&rsquo;\u00e2me de vivre! Dans ce langage de mouvement, nous d\u00e9couvrons des propres expressions et rechargeons de l\u00b4\u00e9nergie nouveau.<\/p>\n<p style=\"text-align: center;\"><strong>&#8211; <\/strong><strong>Jouer de la fl\u00fbte<\/strong> <strong>dans un groupe<\/strong><strong> &#8211;<\/strong><\/p>\n<p style=\"text-align: justify;\">Fl\u00fbtes \u00e0 bec, alto, t\u00e9nor et basse fl\u00fbtes sont les bienvenus dans ce cours de musique pour enfants et adultes! Dans une atmosph\u00e8re d\u00e9tendue, nous apprenons un morceau de fl\u00fbte classique et\/ou moderne &#8211; nous jouissons de la polyphonie de nos instruments..<\/p>\n<p style=\"text-align: center;\"><strong>&#8211; Enfants-Musique-Joie &#8211;<\/strong><\/p>\n<p style=\"text-align: justify;\">Un bel apr\u00e8s-midi o\u00f9 les enfants de 3 \u00e0 6 ans apprennent \u00e0 battre un rythme, puis chanter et danser.<\/p>\n<p style=\"text-align: justify;\">Avec de petits instruments de percussion, nous faisons des voyages sonores pour d\u00e9couvrir le monde du rythme &#8211; ensemble, nous cr\u00e9ons une prise de conscience de l&rsquo;\u00e9coute de l&rsquo;autre.<\/p>\n<p>&nbsp;<\/p>\n<p style=\"text-align: center;\">Pour plus d&rsquo;informations visitez notre site Flash.<\/p>\n","protected":false},"excerpt":{"rendered":"<p>Si vous voulez participer \u00e0 un cours de musique unique ou d&rsquo;une s\u00e9rie de cours, les cours de musique de REVELATION encouragent la cr\u00e9ativit\u00e9 et donnent l&rsquo;inspiration.et la motivation \u00e0 chacun des participants \u00e2g\u00e9s de 6. Dans une s\u00e9rie de cours, chaque participant peut choisir ses propres cours individuels. Des questions sont r\u00e9pondues d&rsquo;une mani\u00e8re [&hellip;]<\/p>\n","protected":false},"author":1,"featured_media":0,"parent":0,"menu_order":0,"comment_status":"open","ping_status":"open","template":"","meta":[],"_links":{"self":[{"href":"https:\/\/revelation-music.de\/fr\/wp-json\/wp\/v2\/pages\/46"}],"collection":[{"href":"https:\/\/revelation-music.de\/fr\/wp-json\/wp\/v2\/pages"}],"about":[{"href":"https:\/\/revelation-music.de\/fr\/wp-json\/wp\/v2\/types\/page"}],"author":[{"embeddable":true,"href":"https:\/\/revelation-music.de\/fr\/wp-json\/wp\/v2\/users\/1"}],"replies":[{"embeddable":true,"href":"https:\/\/revelation-music.de\/fr\/wp-json\/wp\/v2\/comments?post=46"}],"version-history":[{"count":6,"href":"https:\/\/revelation-music.de\/fr\/wp-json\/wp\/v2\/pages\/46\/revisions"}],"predecessor-version":[{"id":460,"href":"https:\/\/revelation-music.de\/fr\/wp-json\/wp\/v2\/pages\/46\/revisions\/460"}],"wp:attachment":[{"href":"https:\/\/revelation-music.de\/fr\/wp-json\/wp\/v2\/media?parent=46"}],"curies":[{"name":"wp","href":"https:\/\/api.w.org\/{rel}","templated":true}]}}