{"id":42,"date":"2015-05-07T17:10:43","date_gmt":"2015-05-07T15:10:43","guid":{"rendered":"http:\/\/revelation-music.de\/fr\/?page_id=42"},"modified":"2015-12-29T18:56:50","modified_gmt":"2015-12-29T17:56:50","slug":"la-fete-damour-de-revelation","status":"publish","type":"page","link":"https:\/\/revelation-music.de\/fr\/la-fete-damour-de-revelation\/","title":{"rendered":"la f\u00eate de REVELATION"},"content":{"rendered":"<p style=\"text-align: center;\">Qui voudrait c\u00e9l\u00e9brer une nouvelle journ\u00e9e de vie <em>?<\/em><br \/>\nQui voudrait c\u00e9l\u00e9brer l&rsquo;amour <em>?<\/em><\/p>\n<p style=\"text-align: center;\">Chanter et danser sont les meilleures fa\u00e7ons de c\u00e9l\u00e9brer le don de vie et d&rsquo;amour,<br \/>\nque pensez-vous <em>?<\/em><\/p>\n<p style=\"text-align: center;\">Grande, puis nous allons c\u00e9l\u00e9brer ensemble et profiter les facettes inspirantes de l&rsquo;amour purement refl\u00e9tant dans des compositions uniques<\/p>\n<p style=\"text-align: center;\">cr\u00e9\u00e9s par REVELATION<\/p>\n<!--[if lt IE 9]><script>document.createElement('audio');<\/script><![endif]-->\n<audio class=\"wp-audio-shortcode\" id=\"audio-42-1\" preload=\"none\" style=\"width: 100%;\" controls=\"controls\"><source type=\"audio\/mpeg\" src=\"http:\/\/revelation-music.de\/wp-content\/uploads\/2015\/02\/Can\u00b4t-Wait_2.mp3?_=1\" \/><a href=\"http:\/\/revelation-music.de\/wp-content\/uploads\/2015\/02\/Can\u00b4t-Wait_2.mp3\">http:\/\/revelation-music.de\/wp-content\/uploads\/2015\/02\/Can\u00b4t-Wait_2.mp3<\/a><\/audio>\n","protected":false},"excerpt":{"rendered":"<p>Qui voudrait c\u00e9l\u00e9brer une nouvelle journ\u00e9e de vie ? Qui voudrait c\u00e9l\u00e9brer l&rsquo;amour ? Chanter et danser sont les meilleures fa\u00e7ons de c\u00e9l\u00e9brer le don de vie et d&rsquo;amour, que pensez-vous ? Grande, puis nous allons c\u00e9l\u00e9brer ensemble et profiter les facettes inspirantes de l&rsquo;amour purement refl\u00e9tant dans des compositions uniques cr\u00e9\u00e9s par REVELATION<\/p>\n","protected":false},"author":1,"featured_media":0,"parent":0,"menu_order":0,"comment_status":"open","ping_status":"open","template":"","meta":[],"_links":{"self":[{"href":"https:\/\/revelation-music.de\/fr\/wp-json\/wp\/v2\/pages\/42"}],"collection":[{"href":"https:\/\/revelation-music.de\/fr\/wp-json\/wp\/v2\/pages"}],"about":[{"href":"https:\/\/revelation-music.de\/fr\/wp-json\/wp\/v2\/types\/page"}],"author":[{"embeddable":true,"href":"https:\/\/revelation-music.de\/fr\/wp-json\/wp\/v2\/users\/1"}],"replies":[{"embeddable":true,"href":"https:\/\/revelation-music.de\/fr\/wp-json\/wp\/v2\/comments?post=42"}],"version-history":[{"count":9,"href":"https:\/\/revelation-music.de\/fr\/wp-json\/wp\/v2\/pages\/42\/revisions"}],"predecessor-version":[{"id":459,"href":"https:\/\/revelation-music.de\/fr\/wp-json\/wp\/v2\/pages\/42\/revisions\/459"}],"wp:attachment":[{"href":"https:\/\/revelation-music.de\/fr\/wp-json\/wp\/v2\/media?parent=42"}],"curies":[{"name":"wp","href":"https:\/\/api.w.org\/{rel}","templated":true}]}}