{"id":390,"date":"2015-10-03T14:28:20","date_gmt":"2015-10-03T12:28:20","guid":{"rendered":"http:\/\/revelation-music.de\/fr\/?page_id=390"},"modified":"2015-10-03T14:28:20","modified_gmt":"2015-10-03T12:28:20","slug":"nouvelles-de-nos-livres","status":"publish","type":"page","link":"https:\/\/revelation-music.de\/fr\/nouvelles-de-nos-livres\/","title":{"rendered":"Nouvelles de nos livres"},"content":{"rendered":"<p style=\"text-align: center;\">1.<\/p>\n<p style=\"text-align: center;\">Nous travaillons actuellement sur le second volume de notre s\u00e9rie de manuels de musique<br \/>\n<strong>Rhythmisch-Melodi\u00f6ses Solospiel<\/strong> (Jouer en solo rythmique-m\u00e9lodique).<br \/>\nLe livre d&rsquo;environ 280 pages sera publi\u00e9 2016 &#8211;<br \/>\nNous sommes impatients de tr\u00e8s bien!<\/p>\n<p style=\"text-align: center;\">\nVous pouvez trouver plus d&rsquo;informations sur ce livre, ainsi que sur la s\u00e9rie de livre complet dans le sous-menu <strong>Manuels<\/strong><strong> de musique<\/strong>.<\/p>\n<p style=\"text-align: center;\">\n<p style=\"text-align: center;\">2.<\/p>\n<p style=\"text-align: center;\">La r\u00e9vision du livre THE REVELATION SONGBOOK est termin\u00e9e \u2013<br \/>\nle r\u00e9pertoire complet d\u00b4Artmusic et le piano-score de la composition d\u00b4Artrock<br \/>\n<strong>Raging Century <\/strong>sont recueillies sur 200 pages.<\/p>\n<p style=\"text-align: center;\">Plus d&rsquo;informations de ce livre dans le sous menu <strong>Livres de chanson de REVELATION<\/strong>.<\/p>\n<p style=\"text-align: center;\">\n","protected":false},"excerpt":{"rendered":"<p>1. Nous travaillons actuellement sur le second volume de notre s\u00e9rie de manuels de musique Rhythmisch-Melodi\u00f6ses Solospiel (Jouer en solo rythmique-m\u00e9lodique). Le livre d&rsquo;environ 280 pages sera publi\u00e9 2016 &#8211; Nous sommes impatients de tr\u00e8s bien! Vous pouvez trouver plus d&rsquo;informations sur ce livre, ainsi que sur la s\u00e9rie de livre complet dans le sous-menu [&hellip;]<\/p>\n","protected":false},"author":1,"featured_media":0,"parent":0,"menu_order":0,"comment_status":"closed","ping_status":"closed","template":"","meta":[],"_links":{"self":[{"href":"https:\/\/revelation-music.de\/fr\/wp-json\/wp\/v2\/pages\/390"}],"collection":[{"href":"https:\/\/revelation-music.de\/fr\/wp-json\/wp\/v2\/pages"}],"about":[{"href":"https:\/\/revelation-music.de\/fr\/wp-json\/wp\/v2\/types\/page"}],"author":[{"embeddable":true,"href":"https:\/\/revelation-music.de\/fr\/wp-json\/wp\/v2\/users\/1"}],"replies":[{"embeddable":true,"href":"https:\/\/revelation-music.de\/fr\/wp-json\/wp\/v2\/comments?post=390"}],"version-history":[{"count":1,"href":"https:\/\/revelation-music.de\/fr\/wp-json\/wp\/v2\/pages\/390\/revisions"}],"predecessor-version":[{"id":391,"href":"https:\/\/revelation-music.de\/fr\/wp-json\/wp\/v2\/pages\/390\/revisions\/391"}],"wp:attachment":[{"href":"https:\/\/revelation-music.de\/fr\/wp-json\/wp\/v2\/media?parent=390"}],"curies":[{"name":"wp","href":"https:\/\/api.w.org\/{rel}","templated":true}]}}