{"id":385,"date":"2015-10-03T14:13:51","date_gmt":"2015-10-03T12:13:51","guid":{"rendered":"http:\/\/revelation-music.de\/fr\/?page_id=385"},"modified":"2018-05-08T17:45:48","modified_gmt":"2018-05-08T15:45:48","slug":"nouvelles-de-nos-evenements","status":"publish","type":"page","link":"https:\/\/revelation-music.de\/fr\/nouvelles-de-nos-evenements\/","title":{"rendered":"Nouvelles de nos \u00e9v\u00e9nements"},"content":{"rendered":"<p style=\"text-align: center;\"><span id=\"result_box\" class=\"\" lang=\"fr\"><span class=\"\">Pr\u00e9sentation de REVELATION et \u00e9v\u00e9nement musical:<\/span><\/span><\/p>\n<p style=\"text-align: center;\"><strong><span class=\"\">Dimanche 13.05.18<\/span><\/strong><\/p>\n<p style=\"text-align: center;\"><span class=\"\">D\u00e9part \u00e0 14h00 sur le march\u00e9 africain de Cologne-Porz \/ Z\u00fcndorf sur l&rsquo;\u00eele de Groov.<\/span><br \/>\nParking \u00e0 la piscine.<\/p>\n<p style=\"text-align: center;\"><strong>En planification:<\/strong><\/p>\n<p style=\"text-align: center;\"><span class=\"\">Concert Artmusic fin ao\u00fbt \/ d\u00e9but septembre.<\/span><\/p>\n","protected":false},"excerpt":{"rendered":"<p>Pr\u00e9sentation de REVELATION et \u00e9v\u00e9nement musical: Dimanche 13.05.18 D\u00e9part \u00e0 14h00 sur le march\u00e9 africain de Cologne-Porz \/ Z\u00fcndorf sur l&rsquo;\u00eele de Groov. Parking \u00e0 la piscine. En planification: Concert Artmusic fin ao\u00fbt \/ d\u00e9but septembre.<\/p>\n","protected":false},"author":1,"featured_media":0,"parent":0,"menu_order":0,"comment_status":"closed","ping_status":"closed","template":"","meta":[],"_links":{"self":[{"href":"https:\/\/revelation-music.de\/fr\/wp-json\/wp\/v2\/pages\/385"}],"collection":[{"href":"https:\/\/revelation-music.de\/fr\/wp-json\/wp\/v2\/pages"}],"about":[{"href":"https:\/\/revelation-music.de\/fr\/wp-json\/wp\/v2\/types\/page"}],"author":[{"embeddable":true,"href":"https:\/\/revelation-music.de\/fr\/wp-json\/wp\/v2\/users\/1"}],"replies":[{"embeddable":true,"href":"https:\/\/revelation-music.de\/fr\/wp-json\/wp\/v2\/comments?post=385"}],"version-history":[{"count":7,"href":"https:\/\/revelation-music.de\/fr\/wp-json\/wp\/v2\/pages\/385\/revisions"}],"predecessor-version":[{"id":539,"href":"https:\/\/revelation-music.de\/fr\/wp-json\/wp\/v2\/pages\/385\/revisions\/539"}],"wp:attachment":[{"href":"https:\/\/revelation-music.de\/fr\/wp-json\/wp\/v2\/media?parent=385"}],"curies":[{"name":"wp","href":"https:\/\/api.w.org\/{rel}","templated":true}]}}