{"id":335,"date":"2015-09-04T20:01:37","date_gmt":"2015-09-04T18:01:37","guid":{"rendered":"http:\/\/revelation-music.de\/fr\/?page_id=335"},"modified":"2015-12-10T19:07:08","modified_gmt":"2015-12-10T18:07:08","slug":"le-concert-de-lecture","status":"publish","type":"page","link":"https:\/\/revelation-music.de\/fr\/le-concert-de-lecture\/","title":{"rendered":"le concert de la po\u00e9sie lyrique"},"content":{"rendered":"<p style=\"text-align: justify;\">Le <span id=\"result_box\" class=\"short_text\" lang=\"fr\"><span class=\"hps\">concert de la po\u00e9sie lyrique<\/span><\/span> est un m\u00e9lange vari\u00e9 de spectacles musicaux et la pr\u00e9sentation litt\u00e9raire.<br \/>\nLes compositions sont enrichies par des lectures de la litt\u00e9rature de la musique de<br \/>\nREVELATION.<br \/>\nCette forme de concert particuli\u00e8re de REVELATION montre comment la musique et de lecture fusible ensemble, une communication intensive des mots et de la musique qui appel \u00e0 la fois aux amateurs de musique et int\u00e9ress\u00e9s dans la litt\u00e9rature.<\/p>\n<p style=\"text-align: justify;\">Dans l&rsquo;offre de concert de REVELATION ce concert est une exp\u00e9rience particuli\u00e8re!<\/p>\n","protected":false},"excerpt":{"rendered":"<p>Le concert de la po\u00e9sie lyrique est un m\u00e9lange vari\u00e9 de spectacles musicaux et la pr\u00e9sentation litt\u00e9raire. Les compositions sont enrichies par des lectures de la litt\u00e9rature de la musique de REVELATION. Cette forme de concert particuli\u00e8re de REVELATION montre comment la musique et de lecture fusible ensemble, une communication intensive des mots et de [&hellip;]<\/p>\n","protected":false},"author":1,"featured_media":0,"parent":0,"menu_order":0,"comment_status":"closed","ping_status":"closed","template":"","meta":[],"_links":{"self":[{"href":"https:\/\/revelation-music.de\/fr\/wp-json\/wp\/v2\/pages\/335"}],"collection":[{"href":"https:\/\/revelation-music.de\/fr\/wp-json\/wp\/v2\/pages"}],"about":[{"href":"https:\/\/revelation-music.de\/fr\/wp-json\/wp\/v2\/types\/page"}],"author":[{"embeddable":true,"href":"https:\/\/revelation-music.de\/fr\/wp-json\/wp\/v2\/users\/1"}],"replies":[{"embeddable":true,"href":"https:\/\/revelation-music.de\/fr\/wp-json\/wp\/v2\/comments?post=335"}],"version-history":[{"count":11,"href":"https:\/\/revelation-music.de\/fr\/wp-json\/wp\/v2\/pages\/335\/revisions"}],"predecessor-version":[{"id":437,"href":"https:\/\/revelation-music.de\/fr\/wp-json\/wp\/v2\/pages\/335\/revisions\/437"}],"wp:attachment":[{"href":"https:\/\/revelation-music.de\/fr\/wp-json\/wp\/v2\/media?parent=335"}],"curies":[{"name":"wp","href":"https:\/\/api.w.org\/{rel}","templated":true}]}}