{"id":24,"date":"2015-05-07T16:58:21","date_gmt":"2015-05-07T14:58:21","guid":{"rendered":"http:\/\/revelation-music.de\/fr\/?page_id=24"},"modified":"2015-09-04T21:23:33","modified_gmt":"2015-09-04T19:23:33","slug":"evenement-musicale-dartrock","status":"publish","type":"page","link":"https:\/\/revelation-music.de\/fr\/evenement-musicale-dartrock\/","title":{"rendered":"le musicale d\u00b4artrock"},"content":{"rendered":"<p style=\"text-align: center;\"><strong>Le musicale d\u00b4artrock de REVELATION<\/strong><\/p>\n<p style=\"text-align: center;\">Dans le style musical Artrock de REVELATION il y a des compositions qui peuvent \u00eatre bien assembl\u00e9s \u00e0 un musicale &#8211; par les transitions, qui sont adapt\u00e9 impressionnante sur les<br \/>\natmosph\u00e8res musicales de chacun pi\u00e8ce, nous pouvons pr\u00e9senter notre musique comme une exp\u00e9rience monumentale.<\/p>\n<p style=\"text-align: center;\">Un \u00e9v\u00e9nement tr\u00e8s sp\u00e9cial de caract\u00e8re rare!<\/p>\n","protected":false},"excerpt":{"rendered":"<p>Le musicale d\u00b4artrock de REVELATION Dans le style musical Artrock de REVELATION il y a des compositions qui peuvent \u00eatre bien assembl\u00e9s \u00e0 un musicale &#8211; par les transitions, qui sont adapt\u00e9 impressionnante sur les atmosph\u00e8res musicales de chacun pi\u00e8ce, nous pouvons pr\u00e9senter notre musique comme une exp\u00e9rience monumentale. Un \u00e9v\u00e9nement tr\u00e8s sp\u00e9cial de caract\u00e8re [&hellip;]<\/p>\n","protected":false},"author":1,"featured_media":0,"parent":0,"menu_order":0,"comment_status":"open","ping_status":"open","template":"","meta":[],"_links":{"self":[{"href":"https:\/\/revelation-music.de\/fr\/wp-json\/wp\/v2\/pages\/24"}],"collection":[{"href":"https:\/\/revelation-music.de\/fr\/wp-json\/wp\/v2\/pages"}],"about":[{"href":"https:\/\/revelation-music.de\/fr\/wp-json\/wp\/v2\/types\/page"}],"author":[{"embeddable":true,"href":"https:\/\/revelation-music.de\/fr\/wp-json\/wp\/v2\/users\/1"}],"replies":[{"embeddable":true,"href":"https:\/\/revelation-music.de\/fr\/wp-json\/wp\/v2\/comments?post=24"}],"version-history":[{"count":5,"href":"https:\/\/revelation-music.de\/fr\/wp-json\/wp\/v2\/pages\/24\/revisions"}],"predecessor-version":[{"id":350,"href":"https:\/\/revelation-music.de\/fr\/wp-json\/wp\/v2\/pages\/24\/revisions\/350"}],"wp:attachment":[{"href":"https:\/\/revelation-music.de\/fr\/wp-json\/wp\/v2\/media?parent=24"}],"curies":[{"name":"wp","href":"https:\/\/api.w.org\/{rel}","templated":true}]}}