{"id":219,"date":"2015-05-20T23:00:25","date_gmt":"2015-05-20T21:00:25","guid":{"rendered":"http:\/\/revelation-music.de\/fr\/?page_id=219"},"modified":"2015-05-20T23:00:25","modified_gmt":"2015-05-20T21:00:25","slug":"lettre-dinformation","status":"publish","type":"page","link":"https:\/\/revelation-music.de\/fr\/lettre-dinformation\/","title":{"rendered":"Lettre d&rsquo;information"},"content":{"rendered":"<p style=\"text-align: center;\"><strong>Livre de chanson REVELATION Lyrics<\/strong><\/p>\n<p style=\"text-align: center;\">Un livre \u00e9crit par REVELATION qui n&rsquo;a pas d&rsquo;\u00e9gal. \u2026<\/p>\n<p style=\"text-align: justify;\">Le livre montre que Detlef Lisiecki non seulement \u00e9crit des paroles des chansons et des livres fantastiques \u2013 son extraordinaire capacit\u00e9 \u00e0 percevoir et de vivre la musique, conduit le lecteur dans un monde de connaissances, de d\u00e9couvertes et de l&rsquo;intensit\u00e9.<\/p>\n<p style=\"text-align: justify;\">D&rsquo;une mani\u00e8re tr\u00e8s sp\u00e9ciale, le livre de 125 pages donne place \u00e0 l&rsquo;inspiration et de r\u00e9flexion, donne de la place pour la pens\u00e9e, de la compassion et des r\u00eaves \u2026<\/p>\n<p style=\"text-align: justify;\">REVELATION Lyrics, un livre sophistiqu\u00e9 dans un langage simple et clair avec une haute valeur artistique.<\/p>\n<p style=\"text-align: center;\"><strong>REVELATION Lyrics \u2013 <\/strong><strong>Un must pour<\/strong><strong> tous ceux qui recherchent plus que juste un bon livre<\/strong><strong> \u2026<\/strong><\/p>\n<p style=\"text-align: justify;\">Les vingt paroles et leurs contenus intellectuels sont tout simplement un d\u00e9lice pour l&rsquo;esprit et l&rsquo;\u00e2me.<\/p>\n<p style=\"text-align: justify;\">Int\u00e9gr\u00e9 dans une tr\u00e8s belle couverture, ce livre magnifique m\u00e9rite tout simplement une place sp\u00e9ciale dans le plateau int\u00e9rieur du livre \u2013 un grand merci \u00e0 tous ceux qui ont d\u00e9j\u00e0 confirm\u00e9.<\/p>\n<p style=\"text-align: center;\">Ce qui me rappelle que le livre <strong>REVELATION Lyrics<\/strong> peut aussi \u00eatre un grand cadeau \u2026<\/p>\n<p style=\"text-align: center;\">Contactez-moi tout simplement par:<\/p>\n<p style=\"text-align: center;\"><strong>01578-268 7940<\/strong> ou <strong>tina.ertel1961@gmail.com<\/strong><\/p>\n<p style=\"text-align: center;\">Martina<\/p>\n<p>&nbsp;<\/p>\n","protected":false},"excerpt":{"rendered":"<p>Livre de chanson REVELATION Lyrics Un livre \u00e9crit par REVELATION qui n&rsquo;a pas d&rsquo;\u00e9gal. \u2026 Le livre montre que Detlef Lisiecki non seulement \u00e9crit des paroles des chansons et des livres fantastiques \u2013 son extraordinaire capacit\u00e9 \u00e0 percevoir et de vivre la musique, conduit le lecteur dans un monde de connaissances, de d\u00e9couvertes et de [&hellip;]<\/p>\n","protected":false},"author":1,"featured_media":0,"parent":0,"menu_order":0,"comment_status":"closed","ping_status":"closed","template":"","meta":[],"_links":{"self":[{"href":"https:\/\/revelation-music.de\/fr\/wp-json\/wp\/v2\/pages\/219"}],"collection":[{"href":"https:\/\/revelation-music.de\/fr\/wp-json\/wp\/v2\/pages"}],"about":[{"href":"https:\/\/revelation-music.de\/fr\/wp-json\/wp\/v2\/types\/page"}],"author":[{"embeddable":true,"href":"https:\/\/revelation-music.de\/fr\/wp-json\/wp\/v2\/users\/1"}],"replies":[{"embeddable":true,"href":"https:\/\/revelation-music.de\/fr\/wp-json\/wp\/v2\/comments?post=219"}],"version-history":[{"count":1,"href":"https:\/\/revelation-music.de\/fr\/wp-json\/wp\/v2\/pages\/219\/revisions"}],"predecessor-version":[{"id":220,"href":"https:\/\/revelation-music.de\/fr\/wp-json\/wp\/v2\/pages\/219\/revisions\/220"}],"wp:attachment":[{"href":"https:\/\/revelation-music.de\/fr\/wp-json\/wp\/v2\/media?parent=219"}],"curies":[{"name":"wp","href":"https:\/\/api.w.org\/{rel}","templated":true}]}}