{"id":217,"date":"2015-05-20T22:57:55","date_gmt":"2015-05-20T20:57:55","guid":{"rendered":"http:\/\/revelation-music.de\/fr\/?page_id=217"},"modified":"2015-09-04T21:51:55","modified_gmt":"2015-09-04T19:51:55","slug":"coeur-et-ame-de-revelation","status":"publish","type":"page","link":"https:\/\/revelation-music.de\/fr\/coeur-et-ame-de-revelation\/","title":{"rendered":"c\u0153ur et \u00e2me de REVELATION"},"content":{"rendered":"<p style=\"text-align: justify;\"><strong>L<\/strong>e plus naturelles nous, les humains traitons nos pens\u00e9es et nos sentiments, le plus de v\u00e9rit\u00e9, de puissance et de beaut\u00e9 se r\u00e9v\u00e8le \u00e0 nous.<\/p>\n<p style=\"text-align: justify;\"><strong>L<\/strong>a musique est un cosmos plein de fascination et pleins d&rsquo;options de d\u00e9couverte!<\/p>\n<p style=\"text-align: justify;\"><strong>P<\/strong>our nous, REVELATION signifie la cr\u00e9ativit\u00e9 et l&rsquo;autonomie, loin du commerce et de la consommation superficielle.<\/p>\n<p style=\"text-align: justify;\"><strong>L<\/strong>e plus simple et plus claire l&rsquo;id\u00e9e est prononc\u00e9, le plus fort de son effet \u2013 la d\u00e9claration substantielle de l&rsquo;id\u00e9e est encore plus importante par la musique.<\/p>\n<p style=\"text-align: left;\"><strong>L<\/strong>a musique est si profond, \u2026<\/p>\n<p>&nbsp;<\/p>\n<p>&nbsp;<\/p>\n<p style=\"text-align: right;\">&#8230; elle ne pouvait pas \u00eatre plus profonde.<\/p>\n<p>&nbsp;<\/p>\n","protected":false},"excerpt":{"rendered":"<p>Le plus naturelles nous, les humains traitons nos pens\u00e9es et nos sentiments, le plus de v\u00e9rit\u00e9, de puissance et de beaut\u00e9 se r\u00e9v\u00e8le \u00e0 nous. La musique est un cosmos plein de fascination et pleins d&rsquo;options de d\u00e9couverte! Pour nous, REVELATION signifie la cr\u00e9ativit\u00e9 et l&rsquo;autonomie, loin du commerce et de la consommation superficielle. Le [&hellip;]<\/p>\n","protected":false},"author":1,"featured_media":0,"parent":0,"menu_order":0,"comment_status":"closed","ping_status":"closed","template":"","meta":[],"_links":{"self":[{"href":"https:\/\/revelation-music.de\/fr\/wp-json\/wp\/v2\/pages\/217"}],"collection":[{"href":"https:\/\/revelation-music.de\/fr\/wp-json\/wp\/v2\/pages"}],"about":[{"href":"https:\/\/revelation-music.de\/fr\/wp-json\/wp\/v2\/types\/page"}],"author":[{"embeddable":true,"href":"https:\/\/revelation-music.de\/fr\/wp-json\/wp\/v2\/users\/1"}],"replies":[{"embeddable":true,"href":"https:\/\/revelation-music.de\/fr\/wp-json\/wp\/v2\/comments?post=217"}],"version-history":[{"count":2,"href":"https:\/\/revelation-music.de\/fr\/wp-json\/wp\/v2\/pages\/217\/revisions"}],"predecessor-version":[{"id":363,"href":"https:\/\/revelation-music.de\/fr\/wp-json\/wp\/v2\/pages\/217\/revisions\/363"}],"wp:attachment":[{"href":"https:\/\/revelation-music.de\/fr\/wp-json\/wp\/v2\/media?parent=217"}],"curies":[{"name":"wp","href":"https:\/\/api.w.org\/{rel}","templated":true}]}}