{"id":215,"date":"2015-05-20T22:54:31","date_gmt":"2015-05-20T20:54:31","guid":{"rendered":"http:\/\/revelation-music.de\/fr\/?page_id=215"},"modified":"2015-09-04T21:47:39","modified_gmt":"2015-09-04T19:47:39","slug":"fanticles","status":"publish","type":"page","link":"https:\/\/revelation-music.de\/fr\/fanticles\/","title":{"rendered":"fanticles"},"content":{"rendered":"<p style=\"text-align: center;\"><strong>REVELATION fan a<\/strong><strong>rticles<\/strong><\/p>\n<p style=\"text-align: justify;\">Pour nos fans, nous sommes venus avec quelque chose de sp\u00e9cial \u2013 Il y a t-shirts, sweat-shirts et des chemises en qualit\u00e9 sup\u00e9rieure et en trois tailles standard (M \/ L \/ XL).<\/p>\n<p style=\"text-align: center;\"><strong>REVELATION T-Shirt &#8211; REVELATION Sweat-Shirt &#8211; REVELATION Chemise<\/strong><\/p>\n<p style=\"text-align: justify;\">Vous pouvez choisir entre la Flex ou Flock impression. \u2013 Le Flock-empreinte est plus \u00e9pais, le Flex-empreinte r\u00e9v\u00e8le plus de d\u00e9tails.<br \/>\nLes deux techniques d&rsquo;impression offrent durables de bonne qualit\u00e9 et peuvent \u00eatre lav\u00e9s en machine jusqu&rsquo;\u00e0 60 degr\u00e9s &#8211; afin d&rsquo;obtenir la couleur et la qualit\u00e9 d&rsquo;impression de fa\u00e7on permanente, nous recommandons de laver les tissus \u00e0 plus de 40 degr\u00e9s.<br \/>\nVous pouvez commander votre v\u00eatement (m \/w) dans le menu <strong>Contact<\/strong> directement dans votre taille.<\/p>\n<p style=\"text-align: center;\">Pour plus d&rsquo;informations \u00e0 ce sujet visitez notre site Flash.<\/p>\n<p>&nbsp;<\/p>\n","protected":false},"excerpt":{"rendered":"<p>REVELATION fan articles Pour nos fans, nous sommes venus avec quelque chose de sp\u00e9cial \u2013 Il y a t-shirts, sweat-shirts et des chemises en qualit\u00e9 sup\u00e9rieure et en trois tailles standard (M \/ L \/ XL). REVELATION T-Shirt &#8211; REVELATION Sweat-Shirt &#8211; REVELATION Chemise Vous pouvez choisir entre la Flex ou Flock impression. \u2013 Le [&hellip;]<\/p>\n","protected":false},"author":1,"featured_media":0,"parent":0,"menu_order":0,"comment_status":"closed","ping_status":"closed","template":"","meta":[],"_links":{"self":[{"href":"https:\/\/revelation-music.de\/fr\/wp-json\/wp\/v2\/pages\/215"}],"collection":[{"href":"https:\/\/revelation-music.de\/fr\/wp-json\/wp\/v2\/pages"}],"about":[{"href":"https:\/\/revelation-music.de\/fr\/wp-json\/wp\/v2\/types\/page"}],"author":[{"embeddable":true,"href":"https:\/\/revelation-music.de\/fr\/wp-json\/wp\/v2\/users\/1"}],"replies":[{"embeddable":true,"href":"https:\/\/revelation-music.de\/fr\/wp-json\/wp\/v2\/comments?post=215"}],"version-history":[{"count":3,"href":"https:\/\/revelation-music.de\/fr\/wp-json\/wp\/v2\/pages\/215\/revisions"}],"predecessor-version":[{"id":362,"href":"https:\/\/revelation-music.de\/fr\/wp-json\/wp\/v2\/pages\/215\/revisions\/362"}],"wp:attachment":[{"href":"https:\/\/revelation-music.de\/fr\/wp-json\/wp\/v2\/media?parent=215"}],"curies":[{"name":"wp","href":"https:\/\/api.w.org\/{rel}","templated":true}]}}