{"id":213,"date":"2015-05-20T22:51:46","date_gmt":"2015-05-20T20:51:46","guid":{"rendered":"http:\/\/revelation-music.de\/fr\/?page_id=213"},"modified":"2015-12-29T20:08:24","modified_gmt":"2015-12-29T19:08:24","slug":"famille-fan","status":"publish","type":"page","link":"https:\/\/revelation-music.de\/fr\/famille-fan\/","title":{"rendered":"famille fan"},"content":{"rendered":"<p style=\"text-align: center;\">La joie de jouer pour les anciens et nouveaux fans, nous a donn\u00e9 l&rsquo;id\u00e9e &#8230;<\/p>\n<p style=\"text-align: center;\"><a href=\"http:\/\/revelation-music.de\/en\/wp-content\/uploads\/sites\/2\/2015\/02\/Button_Freigestellt.png\" target=\"_blank\"><img loading=\"lazy\" class=\"alignnone wp-image-402\" src=\"http:\/\/revelation-music.de\/en\/wp-content\/uploads\/sites\/2\/2015\/02\/Button_Freigestellt-300x298.png\" alt=\"Button_Freigestellt\" width=\"232\" height=\"206\" \/><\/a><\/p>\n<p style=\"text-align: center;\"><span id=\"result_box\" class=\"\" lang=\"fr\"><span title=\"Werden Sie doch einfach Mitglied unserer Fan Family! \">Devenez membre de notre Fan famille!<\/span><\/span><\/p>\n<p style=\"text-align: justify;\"><span id=\"result_box\" class=\"\" lang=\"fr\"><span title=\"Wenn Ihnen eines, mehrere oder sogar alle Angebote gefallen, unterst\u00fctzen Sie uns doch einfach, um das Gute, das in jedem einzelnen REVELATION-Projekt steckt, weiter zu geben \u2013 werden Sie ein aktiver Teil von dem, was, auch wissenschaftlich erwiesen, allen Menschen\">Si <span id=\"result_box\" class=\"short_text\" lang=\"fr\"><span class=\"hps\">vous aimez <\/span><\/span>un, de plusieurs ou m\u00eame comme toutes les offres, pourquoi ne pas nous aider \u00e0 continuer \u00e0 donner le bien qui est dans chaque projet de REVELATION &#8211; vous \u00eates un membre actif de ce que, scientifiquement prouv\u00e9, tous les hommes <\/span><span title=\"gut tut \u2013 werden Sie ein Teil von dem, was wir unter MUSIK verstehen: \">bien le faire &#8211; vous \u00eates une partie de ce que nous entendons par la MUSIQUE:<\/span><\/span><\/p>\n<p style=\"text-align: justify;\"><span id=\"result_box\" class=\"\" lang=\"fr\"><span class=\"hps\">Profiter des<\/span> <span class=\"hps\">mondes sonores<\/span>, <span class=\"hps\">relancer de<\/span> <span class=\"hps\">la vitalit\u00e9<\/span> <span class=\"hps\">et de l&rsquo;\u00e9nergie<\/span> <span class=\"hps\">de<\/span> <span class=\"hps\">la vie<\/span>, <span class=\"hps\">vivre<\/span> <span class=\"hps\">des sentiments<\/span>, laissant le <span class=\"hps\">corps en mouvement<\/span>, <span class=\"hps\"><span id=\"result_box\" class=\"short_text\" lang=\"fr\">apprendre en jouant<\/span><\/span> &#8211; <span id=\"result_box\" class=\"short_text\" lang=\"fr\"><span class=\"hps\">Immergez-vous dans<\/span> <span class=\"hps\">votre propre<\/span> <span class=\"hps\">monde imaginaire<\/span><\/span>, d<span id=\"result_box\" class=\"short_text\" lang=\"fr\"><span class=\"hps\">\u00e9couvrez votre<\/span><\/span><span class=\"hps\">\u00a0<\/span><span class=\"hps\">musicalit\u00e9 et<\/span> <span class=\"hps\">la joie<\/span> <span class=\"hps\">associ\u00e9e<\/span> <span class=\"hps\">de la cr\u00e9ativit\u00e9<\/span>,\u00a0<span class=\"\"><span id=\"result_box\" class=\"\" lang=\"fr\">d<span id=\"result_box\" class=\"short_text\" lang=\"fr\"><span class=\"hps\">\u00e9couvrez-vous<\/span><\/span><\/span><\/span> <span class=\"hps\">des connaissances<\/span> <span class=\"hps\">perceptible<\/span> <span class=\"hps\">&#8230;<\/span><\/span><\/p>\n<p style=\"text-align: justify;\"><span id=\"result_box\" class=\"\" lang=\"fr\"><span title=\"Das Naturph\u00e4nomen MUSIK in seiner Urspr\u00fcnglichkeit bietet unbegrenzten Freiraum zur Entfaltung f\u00fcr uns alle! \">L<span id=\"result_box\" class=\"short_text\" lang=\"fr\" tabindex=\"-1\"><span class=\"hps\">e ph\u00e9nom\u00e8ne<\/span> naturel <span class=\"hps\">de musique<\/span><\/span> dans son originalit\u00e9 offre une libert\u00e9 illimit\u00e9e de d\u00e9velopper pour nous tous!<br \/>\n<\/span><span title=\"So sieht sich REVELATION als Sprachrohr f\u00fcr die k\u00fcnstlerische Seite der Musik, die mit sehr viel Lebensqualit\u00e4t verbunden ist. \">Ainsi REVELATION voit comme un porte-parole pour le c\u00f4t\u00e9 artistique de la musique, qui est reli\u00e9 avec beaucoup de qualit\u00e9 de vie<\/span><\/span>.<\/p>\n<p style=\"text-align: justify;\"><span id=\"result_box\" class=\"\" lang=\"fr\"><span title=\"REVELATION Family Fan zu werden ist einfach und kostenlos \u2013 und auch in Zukunft gehen Sie keinerlei finanzielle oder vertragliche Verpflichtungen ein! \">D&rsquo;\u00eatre REVELATION famille Fan est facile et gratuit &#8211; \u00e0 l&rsquo;avenir vous ne prenez pas toutes les obligations financi\u00e8res ou contractuelles!<\/span><\/span><\/p>\n<p style=\"text-align: justify;\"><span id=\"result_box\" class=\"\" lang=\"fr\"><span title=\"Wir m\u00f6chten Sie nur bitten, unsere Arbeit zu unterst\u00fctzen, indem Sie uns f\u00fcr ein Engagement empfehlen \u2013 oder Sie teilen uns Ihre Ideen und Vorstellungen zur Durchf\u00fchrung Ihres eigenen Live Events mit, zB\">Nous voudrions seulement vous demander de soutenir notre travail en nous recommandant \u00e0 un engagement &#8211; ou nous faire conna\u00eetre avec vos id\u00e9es et d&rsquo;imagination pour r\u00e9aliser vos propres \u00e9v\u00e9nements, par exemple, un a<\/span><span title=\"(Kinder-) Geburtstag, Familienfeier, Betriebsfeier, Vernissage, Messeveranstaltung \u2026 - Sprechen Sie uns an! \">nniversaire (pour enfants), une f\u00eate de famille, une f\u00eate d&rsquo;entreprise, un vernissage, u<span id=\"result_box\" class=\"short_text\" lang=\"fr\" tabindex=\"-1\"><span class=\"hps\">ne<\/span> <span class=\"hps\">exposition-\u00e9v\u00e9nement<\/span><\/span> &#8230; &#8211; contactez-nous!<\/span><\/span><\/p>\n<p style=\"text-align: justify;\"><span id=\"result_box\" class=\"\" lang=\"fr\"><span title=\"Kommt dank Ihrer Unterst\u00fctzung ein Engagement f\u00fcr ein Live Event zustande, sind Sie in der REVELATION Fan Family aufgenommen, erhalten den REVELATION Fan Family-Button zum Anstecken und genie\u00dfen die Vorz\u00fcge Ihrer Mitgliedschaft \u2013 das Vertrauen, das Sie in uns und unsere vielseitigen Angebote setzen,\">Venez gr\u00e2ce \u00e0 votre <span id=\"result_box\" class=\"\" lang=\"fr\" tabindex=\"-1\"><span class=\"hps\">soutien<\/span> <span class=\"hps\">g\u00e9r\u00e9<\/span> <span class=\"hps\">un engagement <\/span><\/span>\u00e0 un \u00e9v\u00e9nement, vous serez ajout\u00e9 \u00e0 la REVELATION Fan famille &#8211; <span id=\"result_box\" class=\"\" lang=\"fr\"><span class=\"hps\">vous obtenez<\/span><\/span> le bouton pour fixer et vous profitez des avantages de votre adh\u00e9sion &#8211; la confiance que vous placez en nous et nos multiples offres, <\/span><span title=\"bedeutet uns sehr viel! \">signifie beaucoup pour nous!<br \/>\n<\/span><\/span><\/p>\n<p style=\"text-align: center;\"><span id=\"result_box\" class=\"\" lang=\"fr\"><span title=\"Alles \u00fcber unsere Live Event-Angebote und vieles mehr finden Sie auf unseren Websites:\">Tout sur nos offres d&rsquo;\u00e9v\u00e9nements et bien plus encore, s&rsquo;il vous pla\u00eet visitez nos sites Web:<\/span><\/span><\/p>\n<p style=\"text-align: center;\"><span style=\"color: #ffffff;\"><a style=\"color: #ffffff;\" href=\"http:\/\/www.revelation-music.de\/\">www.revelation-music.de<\/a><\/span><\/p>\n<p style=\"text-align: center;\"><span style=\"color: #ffffff;\"><a style=\"color: #ffffff;\" href=\"http:\/\/www.tina-ertel.de\/\">www.tina-ertel.de<\/a><\/span><\/p>\n<p style=\"text-align: center;\"><strong>Contact:<\/strong><br \/>\n<span style=\"color: #ffffff;\"><a style=\"color: #ffffff;\" href=\"mailto:info@revelation-music.de\">info@revelation-music.de<\/a><\/span> \u2013 01573 &#8211; 37 11 706<strong><br \/>\n<\/strong>o\u00f9<br \/>\n<span style=\"color: #ffffff;\"><a style=\"color: #ffffff;\" href=\"mailto:tina.ertel1961@gmail.com\">tina.ertel1961@gmail.com<\/a><\/span> \u2013 01578 &#8211; 268 79 40<\/p>\n","protected":false},"excerpt":{"rendered":"<p>La joie de jouer pour les anciens et nouveaux fans, nous a donn\u00e9 l&rsquo;id\u00e9e &#8230; Devenez membre de notre Fan famille! Si vous aimez un, de plusieurs ou m\u00eame comme toutes les offres, pourquoi ne pas nous aider \u00e0 continuer \u00e0 donner le bien qui est dans chaque projet de REVELATION &#8211; vous \u00eates un [&hellip;]<\/p>\n","protected":false},"author":1,"featured_media":0,"parent":0,"menu_order":0,"comment_status":"closed","ping_status":"closed","template":"","meta":[],"_links":{"self":[{"href":"https:\/\/revelation-music.de\/fr\/wp-json\/wp\/v2\/pages\/213"}],"collection":[{"href":"https:\/\/revelation-music.de\/fr\/wp-json\/wp\/v2\/pages"}],"about":[{"href":"https:\/\/revelation-music.de\/fr\/wp-json\/wp\/v2\/types\/page"}],"author":[{"embeddable":true,"href":"https:\/\/revelation-music.de\/fr\/wp-json\/wp\/v2\/users\/1"}],"replies":[{"embeddable":true,"href":"https:\/\/revelation-music.de\/fr\/wp-json\/wp\/v2\/comments?post=213"}],"version-history":[{"count":16,"href":"https:\/\/revelation-music.de\/fr\/wp-json\/wp\/v2\/pages\/213\/revisions"}],"predecessor-version":[{"id":471,"href":"https:\/\/revelation-music.de\/fr\/wp-json\/wp\/v2\/pages\/213\/revisions\/471"}],"wp:attachment":[{"href":"https:\/\/revelation-music.de\/fr\/wp-json\/wp\/v2\/media?parent=213"}],"curies":[{"name":"wp","href":"https:\/\/api.w.org\/{rel}","templated":true}]}}