{"id":211,"date":"2015-05-20T22:47:53","date_gmt":"2015-05-20T20:47:53","guid":{"rendered":"http:\/\/revelation-music.de\/fr\/?page_id=211"},"modified":"2015-10-03T16:25:17","modified_gmt":"2015-10-03T14:25:17","slug":"specials","status":"publish","type":"page","link":"https:\/\/revelation-music.de\/fr\/specials\/","title":{"rendered":"Sp\u00e9cial"},"content":{"rendered":"<p style=\"text-align: justify;\">Certaines offres sp\u00e9ciales, des id\u00e9es et des pens\u00e9es que nous ont recueillis en vertu de cet \u00e9l\u00e9ment de menu. &#8230;<\/p>\n<!--[if lt IE 9]><script>document.createElement('audio');<\/script><![endif]-->\n<audio class=\"wp-audio-shortcode\" id=\"audio-211-1\" preload=\"none\" style=\"width: 100%;\" controls=\"controls\"><source type=\"audio\/mpeg\" src=\"http:\/\/revelation-music.de\/fr\/wp-content\/uploads\/sites\/4\/2015\/05\/Scarecrows_4.mp3?_=1\" \/><a href=\"http:\/\/revelation-music.de\/fr\/wp-content\/uploads\/sites\/4\/2015\/05\/Scarecrows_4.mp3\">http:\/\/revelation-music.de\/fr\/wp-content\/uploads\/sites\/4\/2015\/05\/Scarecrows_4.mp3<\/a><\/audio>\n","protected":false},"excerpt":{"rendered":"<p>Certaines offres sp\u00e9ciales, des id\u00e9es et des pens\u00e9es que nous ont recueillis en vertu de cet \u00e9l\u00e9ment de menu. &#8230;<\/p>\n","protected":false},"author":1,"featured_media":0,"parent":0,"menu_order":0,"comment_status":"closed","ping_status":"closed","template":"","meta":[],"_links":{"self":[{"href":"https:\/\/revelation-music.de\/fr\/wp-json\/wp\/v2\/pages\/211"}],"collection":[{"href":"https:\/\/revelation-music.de\/fr\/wp-json\/wp\/v2\/pages"}],"about":[{"href":"https:\/\/revelation-music.de\/fr\/wp-json\/wp\/v2\/types\/page"}],"author":[{"embeddable":true,"href":"https:\/\/revelation-music.de\/fr\/wp-json\/wp\/v2\/users\/1"}],"replies":[{"embeddable":true,"href":"https:\/\/revelation-music.de\/fr\/wp-json\/wp\/v2\/comments?post=211"}],"version-history":[{"count":3,"href":"https:\/\/revelation-music.de\/fr\/wp-json\/wp\/v2\/pages\/211\/revisions"}],"predecessor-version":[{"id":402,"href":"https:\/\/revelation-music.de\/fr\/wp-json\/wp\/v2\/pages\/211\/revisions\/402"}],"wp:attachment":[{"href":"https:\/\/revelation-music.de\/fr\/wp-json\/wp\/v2\/media?parent=211"}],"curies":[{"name":"wp","href":"https:\/\/api.w.org\/{rel}","templated":true}]}}