{"id":202,"date":"2015-05-20T22:43:14","date_gmt":"2015-05-20T20:43:14","guid":{"rendered":"http:\/\/revelation-music.de\/fr\/?page_id=202"},"modified":"2021-09-11T14:57:47","modified_gmt":"2021-09-11T12:57:47","slug":"detlef-lisiecki","status":"publish","type":"page","link":"https:\/\/revelation-music.de\/fr\/detlef-lisiecki\/","title":{"rendered":"Detlef Lisiecki (Tammy)"},"content":{"rendered":"<p style=\"text-align: justify;\">Depuis la fin de 1999 Detlef Lisiecki rend le travail artistique central dans toutes les zones qui sont offertes par REVELATION.<\/p>\n<p style=\"text-align: justify;\">Il compose, arrange, \u00e9crit des chansons et les paroles, est un r\u00e9dacteur et auteur, il est batteur, instrumentiste de clavier et animateur de cours de musique.<br \/>\nSes comp\u00e9tences, ses id\u00e9es et son d\u00e9sir constant pour le d\u00e9veloppement conf\u00e8rent une expression artistique individuelle impressionnante pour REVELATION.<\/p>\n<p style=\"text-align: justify;\">Ses seize ann\u00e9es d&rsquo;exp\u00e9rience en tant que professeur de musique lui ont donn\u00e9 l&rsquo;inspiration pour \u00e9crire des livres de musique \u2013 ceux-ci comprennent des manuels pour le rythme, percussions et instruments \u00e0 clavier aussi bien que des livres de chanson sur REVELATION.<\/p>\n<p><a href=\"http:\/\/revelation-music.de\/fr\/wp-content\/uploads\/sites\/4\/2015\/05\/7sunnyday.jpg\" target=\"_blank\" rel=\"noopener\"><img loading=\"lazy\" class=\"alignright wp-image-279 size-medium\" src=\"http:\/\/revelation-music.de\/fr\/wp-content\/uploads\/sites\/4\/2015\/05\/7sunnyday-300x225.jpg\" alt=\"7sunnyday\" width=\"300\" height=\"225\" srcset=\"https:\/\/revelation-music.de\/fr\/wp-content\/uploads\/sites\/4\/2015\/05\/7sunnyday-300x225.jpg 300w, https:\/\/revelation-music.de\/fr\/wp-content\/uploads\/sites\/4\/2015\/05\/7sunnyday-624x467.jpg 624w, https:\/\/revelation-music.de\/fr\/wp-content\/uploads\/sites\/4\/2015\/05\/7sunnyday.jpg 641w\" sizes=\"(max-width: 300px) 100vw, 300px\" \/><\/a><\/p>\n<p>&nbsp;<\/p>\n<blockquote><p>La musique est un cosmos<br \/>\nplein de fascination<br \/>\net pleins d&rsquo;options de d\u00e9couverte!<\/p><\/blockquote>\n","protected":false},"excerpt":{"rendered":"<p>Depuis la fin de 1999 Detlef Lisiecki rend le travail artistique central dans toutes les zones qui sont offertes par REVELATION. Il compose, arrange, \u00e9crit des chansons et les paroles, est un r\u00e9dacteur et auteur, il est batteur, instrumentiste de clavier et animateur de cours de musique. Ses comp\u00e9tences, ses id\u00e9es et son d\u00e9sir constant [&hellip;]<\/p>\n","protected":false},"author":1,"featured_media":0,"parent":0,"menu_order":0,"comment_status":"closed","ping_status":"closed","template":"","meta":[],"_links":{"self":[{"href":"https:\/\/revelation-music.de\/fr\/wp-json\/wp\/v2\/pages\/202"}],"collection":[{"href":"https:\/\/revelation-music.de\/fr\/wp-json\/wp\/v2\/pages"}],"about":[{"href":"https:\/\/revelation-music.de\/fr\/wp-json\/wp\/v2\/types\/page"}],"author":[{"embeddable":true,"href":"https:\/\/revelation-music.de\/fr\/wp-json\/wp\/v2\/users\/1"}],"replies":[{"embeddable":true,"href":"https:\/\/revelation-music.de\/fr\/wp-json\/wp\/v2\/comments?post=202"}],"version-history":[{"count":9,"href":"https:\/\/revelation-music.de\/fr\/wp-json\/wp\/v2\/pages\/202\/revisions"}],"predecessor-version":[{"id":548,"href":"https:\/\/revelation-music.de\/fr\/wp-json\/wp\/v2\/pages\/202\/revisions\/548"}],"wp:attachment":[{"href":"https:\/\/revelation-music.de\/fr\/wp-json\/wp\/v2\/media?parent=202"}],"curies":[{"name":"wp","href":"https:\/\/api.w.org\/{rel}","templated":true}]}}