{"id":200,"date":"2015-05-20T22:41:42","date_gmt":"2015-05-20T20:41:42","guid":{"rendered":"http:\/\/revelation-music.de\/fr\/?page_id=200"},"modified":"2015-12-29T19:59:50","modified_gmt":"2015-12-29T18:59:50","slug":"martina-ertel","status":"publish","type":"page","link":"https:\/\/revelation-music.de\/fr\/martina-ertel\/","title":{"rendered":"Martina Ertel"},"content":{"rendered":"<p style=\"text-align: justify;\">Depuis 2007, Martina Ertel est chanteuse, fl\u00fbtiste, clavi\u00e9riste, percussionniste et correcteur du texte de REVELATION.<\/p>\n<p style=\"text-align: justify;\">Leur charisme, leur polyvalence et leur engagement indispensable a d\u00e9j\u00e0 conduit \u00e0 des projets remarquables pour REVELATION \u2013 ainsi le projet musical a \u00e9volu\u00e9 au cours des cinq derni\u00e8res ann\u00e9es d&rsquo;une mani\u00e8re sp\u00e9ciale. Aujourd&rsquo;hui REVELATION est beaucoup plus qu&rsquo;un groupe avec le statut de la pr\u00e9sentation de la musique avec de superbes compositions originales.<\/p>\n<p style=\"text-align: justify;\">Si vous voulez en savoir plus \u00e0 propos de Martina et leurs propres projets musicaux et leurs offres, visitez ce site impressionnant\u00a0 <span style=\"color: #ffffff;\"><a style=\"color: #ffffff;\" href=\"http:\/\/www.tina-ertel.de\"><strong>www.tina-ertel.de<\/strong><\/a><\/span><\/p>\n<p style=\"text-align: justify;\"><a href=\"http:\/\/revelation-music.de\/en\/wp-content\/uploads\/sites\/2\/2015\/02\/6purpletop.jpg\" target=\"_blank\"><img loading=\"lazy\" class=\"alignleft wp-image-256 size-medium\" src=\"http:\/\/revelation-music.de\/en\/wp-content\/uploads\/sites\/2\/2015\/02\/6purpletop-300x287.jpg\" alt=\"6purpletop\" width=\"300\" height=\"287\" \/><\/a><span style=\"color: #0000ff;\">.<\/span><\/p>\n<p>&nbsp;<\/p>\n<p style=\"text-align: center;\"><em>Musique est ma vie!<br \/>\n<\/em><br \/>\n<em> Je suis tr\u00e8s heureux de participer<br \/>\n\u00e0 REVELATION!<\/em><\/p>\n","protected":false},"excerpt":{"rendered":"<p>Depuis 2007, Martina Ertel est chanteuse, fl\u00fbtiste, clavi\u00e9riste, percussionniste et correcteur du texte de REVELATION. Leur charisme, leur polyvalence et leur engagement indispensable a d\u00e9j\u00e0 conduit \u00e0 des projets remarquables pour REVELATION \u2013 ainsi le projet musical a \u00e9volu\u00e9 au cours des cinq derni\u00e8res ann\u00e9es d&rsquo;une mani\u00e8re sp\u00e9ciale. Aujourd&rsquo;hui REVELATION est beaucoup plus qu&rsquo;un groupe [&hellip;]<\/p>\n","protected":false},"author":1,"featured_media":0,"parent":0,"menu_order":0,"comment_status":"closed","ping_status":"closed","template":"","meta":[],"_links":{"self":[{"href":"https:\/\/revelation-music.de\/fr\/wp-json\/wp\/v2\/pages\/200"}],"collection":[{"href":"https:\/\/revelation-music.de\/fr\/wp-json\/wp\/v2\/pages"}],"about":[{"href":"https:\/\/revelation-music.de\/fr\/wp-json\/wp\/v2\/types\/page"}],"author":[{"embeddable":true,"href":"https:\/\/revelation-music.de\/fr\/wp-json\/wp\/v2\/users\/1"}],"replies":[{"embeddable":true,"href":"https:\/\/revelation-music.de\/fr\/wp-json\/wp\/v2\/comments?post=200"}],"version-history":[{"count":6,"href":"https:\/\/revelation-music.de\/fr\/wp-json\/wp\/v2\/pages\/200\/revisions"}],"predecessor-version":[{"id":467,"href":"https:\/\/revelation-music.de\/fr\/wp-json\/wp\/v2\/pages\/200\/revisions\/467"}],"wp:attachment":[{"href":"https:\/\/revelation-music.de\/fr\/wp-json\/wp\/v2\/media?parent=200"}],"curies":[{"name":"wp","href":"https:\/\/api.w.org\/{rel}","templated":true}]}}