{"id":198,"date":"2015-05-20T22:39:33","date_gmt":"2015-05-20T20:39:33","guid":{"rendered":"http:\/\/revelation-music.de\/fr\/?page_id=198"},"modified":"2016-01-13T17:55:32","modified_gmt":"2016-01-13T16:55:32","slug":"a-propos-de-nous","status":"publish","type":"page","link":"https:\/\/revelation-music.de\/fr\/a-propos-de-nous\/","title":{"rendered":"A propos de nous"},"content":{"rendered":"<p style=\"text-align: center;\"><strong>La puret\u00e9<\/strong> <strong>de la cr\u00e9ation artistique<\/strong><\/p>\n<p style=\"text-align: justify;\">Puisque nous ne suivons pas ni les lois \u00e9crites ni les lois non \u00e9crites qui sont impos\u00e9es par l&rsquo;industrie de la musique et le march\u00e9 connexe, notre art soutient aucun profit pour les autres.<\/p>\n<p style=\"text-align: justify;\">Donc, nous sommes libres de concevoir et de d\u00e9veloppement de l&rsquo;art en raison de l&rsquo;ind\u00e9pendance contractuelle \u2013 cela va cr\u00e9er une libert\u00e9 qui signifie \u00e9galement une protection pour nous et notre travail.<\/p>\n<p style=\"text-align: justify;\">Notre concept global reste ouverte \u2013 le d\u00e9veloppement de concepts individuels existants et la cr\u00e9ation de nouvelles zones peuvent cro\u00eetre l&rsquo;offre globale et de grandir \u2026<\/p>\n","protected":false},"excerpt":{"rendered":"<p>La puret\u00e9 de la cr\u00e9ation artistique Puisque nous ne suivons pas ni les lois \u00e9crites ni les lois non \u00e9crites qui sont impos\u00e9es par l&rsquo;industrie de la musique et le march\u00e9 connexe, notre art soutient aucun profit pour les autres. Donc, nous sommes libres de concevoir et de d\u00e9veloppement de l&rsquo;art en raison de l&rsquo;ind\u00e9pendance [&hellip;]<\/p>\n","protected":false},"author":1,"featured_media":0,"parent":0,"menu_order":0,"comment_status":"closed","ping_status":"closed","template":"","meta":[],"_links":{"self":[{"href":"https:\/\/revelation-music.de\/fr\/wp-json\/wp\/v2\/pages\/198"}],"collection":[{"href":"https:\/\/revelation-music.de\/fr\/wp-json\/wp\/v2\/pages"}],"about":[{"href":"https:\/\/revelation-music.de\/fr\/wp-json\/wp\/v2\/types\/page"}],"author":[{"embeddable":true,"href":"https:\/\/revelation-music.de\/fr\/wp-json\/wp\/v2\/users\/1"}],"replies":[{"embeddable":true,"href":"https:\/\/revelation-music.de\/fr\/wp-json\/wp\/v2\/comments?post=198"}],"version-history":[{"count":2,"href":"https:\/\/revelation-music.de\/fr\/wp-json\/wp\/v2\/pages\/198\/revisions"}],"predecessor-version":[{"id":473,"href":"https:\/\/revelation-music.de\/fr\/wp-json\/wp\/v2\/pages\/198\/revisions\/473"}],"wp:attachment":[{"href":"https:\/\/revelation-music.de\/fr\/wp-json\/wp\/v2\/media?parent=198"}],"curies":[{"name":"wp","href":"https:\/\/api.w.org\/{rel}","templated":true}]}}