{"id":196,"date":"2015-05-20T22:38:12","date_gmt":"2015-05-20T20:38:12","guid":{"rendered":"http:\/\/revelation-music.de\/fr\/?page_id=196"},"modified":"2015-10-19T19:50:42","modified_gmt":"2015-10-19T17:50:42","slug":"cours-de-musique-2","status":"publish","type":"page","link":"https:\/\/revelation-music.de\/fr\/cours-de-musique-2\/","title":{"rendered":"Le\u00e7ons de musique"},"content":{"rendered":"<p style=\"text-align: justify;\">REVELATION offre des le\u00e7ons de musique qualifi\u00e9es pour batterie, claviers et piano, ainsi que Conga, Djembe, bloc-fl\u00fbte, fl\u00fbte alto et fl\u00fbte traversi\u00e8re. Pour les enfants, il y a aussi l&rsquo;\u00e9ducation musicale sous le titre Enfants-Musique-Joie \u2013 pour plus d&rsquo;informations sur ce sujet et des informations sur la mani\u00e8re particuli\u00e8re de l&rsquo;enseignement visitez notre site Flash.<\/p>\n","protected":false},"excerpt":{"rendered":"<p>REVELATION offre des le\u00e7ons de musique qualifi\u00e9es pour batterie, claviers et piano, ainsi que Conga, Djembe, bloc-fl\u00fbte, fl\u00fbte alto et fl\u00fbte traversi\u00e8re. Pour les enfants, il y a aussi l&rsquo;\u00e9ducation musicale sous le titre Enfants-Musique-Joie \u2013 pour plus d&rsquo;informations sur ce sujet et des informations sur la mani\u00e8re particuli\u00e8re de l&rsquo;enseignement visitez notre site Flash.<\/p>\n","protected":false},"author":1,"featured_media":0,"parent":0,"menu_order":0,"comment_status":"closed","ping_status":"closed","template":"","meta":[],"_links":{"self":[{"href":"https:\/\/revelation-music.de\/fr\/wp-json\/wp\/v2\/pages\/196"}],"collection":[{"href":"https:\/\/revelation-music.de\/fr\/wp-json\/wp\/v2\/pages"}],"about":[{"href":"https:\/\/revelation-music.de\/fr\/wp-json\/wp\/v2\/types\/page"}],"author":[{"embeddable":true,"href":"https:\/\/revelation-music.de\/fr\/wp-json\/wp\/v2\/users\/1"}],"replies":[{"embeddable":true,"href":"https:\/\/revelation-music.de\/fr\/wp-json\/wp\/v2\/comments?post=196"}],"version-history":[{"count":4,"href":"https:\/\/revelation-music.de\/fr\/wp-json\/wp\/v2\/pages\/196\/revisions"}],"predecessor-version":[{"id":429,"href":"https:\/\/revelation-music.de\/fr\/wp-json\/wp\/v2\/pages\/196\/revisions\/429"}],"wp:attachment":[{"href":"https:\/\/revelation-music.de\/fr\/wp-json\/wp\/v2\/media?parent=196"}],"curies":[{"name":"wp","href":"https:\/\/api.w.org\/{rel}","templated":true}]}}