{"id":191,"date":"2015-05-20T22:32:45","date_gmt":"2015-05-20T20:32:45","guid":{"rendered":"http:\/\/revelation-music.de\/fr\/?page_id=191"},"modified":"2019-03-14T20:06:53","modified_gmt":"2019-03-14T19:06:53","slug":"manuels-de-musique","status":"publish","type":"page","link":"https:\/\/revelation-music.de\/fr\/manuels-de-musique\/","title":{"rendered":"manuels de musique"},"content":{"rendered":"<p style=\"text-align: center;\"><strong>Rhythmisch-Melodi\u00f6ses Solospiel 1<br \/>\n<\/strong>(Jouer Solo Rythmique M\u00e9lodique 1)<strong><br \/>\n<\/strong>(disponible)<\/p>\n<p style=\"text-align: justify;\">Le livre <strong>Rhythmisch-Melodi\u00f6ses Solospiel 1<\/strong> (RMS 1) est une amende introduction au monde infiniment cr\u00e9atif de rythme. Le livre montre comme on peut d\u00e9velopper des rythmes binaires et tr\u00e8s m\u00e9lodiques. Ce manuel est compl\u00e9t\u00e9 par beaucoup d\u00b4exercices et de clips \u00e0 jouer long sur 2 CD dans une tr\u00e8s bonne qualit\u00e9 sonore.<\/p>\n<p style=\"text-align: justify;\"><span style=\"color: #ffffff;\"><a style=\"color: #ffffff;\" href=\"http:\/\/revelation-music.de\/flashsite\/flip_solo1\" target=\"_blank\" rel=\"noopener\"><strong>Ici<\/strong><\/a><\/span>\u00a0 vous pouvez avoir une vue d&rsquo;flipbook du manuel musicale Jouer Solo Rythmique M\u00e9lodique 1.<\/p>\n<p>&nbsp;<\/p>\n<p style=\"text-align: center;\"><strong>Rhythmisch-Melodi\u00f6ses Solospiel 2<br \/>\n<\/strong>(Jouer Solo Rythmique M\u00e9lodique 2)<strong><br \/>\n<\/strong>(disponible 2016)<\/p>\n<p style=\"text-align: justify;\">Le livre <strong>Rhythmisch-Melodi\u00f6ses Solospiel 2<\/strong> (RMS 2) est un peu plus exigeant pour le d\u00e9butant et donc recommand\u00e9e apr\u00e8s RMS 1 \u2013 Musiciens avanc\u00e9s et professionnels peuvent utiliser simultan\u00e9ment les deux livres. RMS 2\u00a0montre comme on peut d\u00e9velopper des rythmes ternaires et tr\u00e8s m\u00e9lodiques &#8211; cela aussi il ya de grands exemples \u00e0 \u00e9couter et \u00e0 jouer sur 3 CD dans une tr\u00e8s bonne qualit\u00e9 sonore.<\/p>\n<p>&nbsp;<\/p>\n<p style=\"text-align: center;\"><strong>Dans la planification<\/strong> <strong>sont les<\/strong> <strong>manuels scolaires<\/strong><strong>:<\/strong><\/p>\n<p style=\"text-align: center;\"><strong> 1. Rhythmisch-Melodi\u00f6ses Solospiel 3<\/strong><\/p>\n<p style=\"text-align: center;\"><strong> 2. The Art Of Double Bassdrum Playing<\/strong><\/p>\n<p style=\"text-align: center;\"><strong> 3. The Creative Drummer<\/strong> (collections de livres)<\/p>\n<p style=\"text-align: center;\"><strong> 4. The Creative Keyboardist<\/strong><\/p>\n<p style=\"text-align: center;\"><strong> 5. The Groove &amp; The Voice<\/strong><\/p>\n<p style=\"text-align: center;\">Plus d&rsquo;informations sur les manuels scolaires de REVELATION sur le site Flash.<\/p>\n","protected":false},"excerpt":{"rendered":"<p>Rhythmisch-Melodi\u00f6ses Solospiel 1 (Jouer Solo Rythmique M\u00e9lodique 1) (disponible) Le livre Rhythmisch-Melodi\u00f6ses Solospiel 1 (RMS 1) est une amende introduction au monde infiniment cr\u00e9atif de rythme. Le livre montre comme on peut d\u00e9velopper des rythmes binaires et tr\u00e8s m\u00e9lodiques. Ce manuel est compl\u00e9t\u00e9 par beaucoup d\u00b4exercices et de clips \u00e0 jouer long sur 2 CD [&hellip;]<\/p>\n","protected":false},"author":1,"featured_media":0,"parent":0,"menu_order":0,"comment_status":"closed","ping_status":"closed","template":"","meta":[],"_links":{"self":[{"href":"https:\/\/revelation-music.de\/fr\/wp-json\/wp\/v2\/pages\/191"}],"collection":[{"href":"https:\/\/revelation-music.de\/fr\/wp-json\/wp\/v2\/pages"}],"about":[{"href":"https:\/\/revelation-music.de\/fr\/wp-json\/wp\/v2\/types\/page"}],"author":[{"embeddable":true,"href":"https:\/\/revelation-music.de\/fr\/wp-json\/wp\/v2\/users\/1"}],"replies":[{"embeddable":true,"href":"https:\/\/revelation-music.de\/fr\/wp-json\/wp\/v2\/comments?post=191"}],"version-history":[{"count":13,"href":"https:\/\/revelation-music.de\/fr\/wp-json\/wp\/v2\/pages\/191\/revisions"}],"predecessor-version":[{"id":544,"href":"https:\/\/revelation-music.de\/fr\/wp-json\/wp\/v2\/pages\/191\/revisions\/544"}],"wp:attachment":[{"href":"https:\/\/revelation-music.de\/fr\/wp-json\/wp\/v2\/media?parent=191"}],"curies":[{"name":"wp","href":"https:\/\/api.w.org\/{rel}","templated":true}]}}