{"id":189,"date":"2015-05-20T22:29:01","date_gmt":"2015-05-20T20:29:01","guid":{"rendered":"http:\/\/revelation-music.de\/fr\/?page_id=189"},"modified":"2015-12-09T20:02:14","modified_gmt":"2015-12-09T19:02:14","slug":"livres-de-chanson","status":"publish","type":"page","link":"https:\/\/revelation-music.de\/fr\/livres-de-chanson\/","title":{"rendered":"livres de chanson"},"content":{"rendered":"<p style=\"text-align: center;\">\u00a0<strong>1. REVELATION Lyrics<\/strong><strong><br \/>\n<\/strong>(disponible)<\/p>\n<p style=\"text-align: center;\">Pour plus d&rsquo;informations sur ce livre de REVELATION visitez le menu `Lettre d&rsquo;information\u00b4.<\/p>\n<p style=\"text-align: center;\">Une vue partielle de flipbook de livre de chanson<br \/>\nREVELATION Lyrics peut \u00eatre trouv\u00e9e\u00a0 <span style=\"color: #ffff00; font-size: 12pt;\"><a style=\"color: #ffffff;\" href=\"http:\/\/revelation-music.de\/flashsite\/flip_ly\" target=\"_blank\"><strong>ici<\/strong><\/a><\/span>.<\/p>\n<p>&nbsp;<\/p>\n<p style=\"text-align: center;\"><strong>2. The Drumming Parts Of REVELATION-Artrock<\/strong><strong><br \/>\n<\/strong>(disponible)<\/p>\n<p style=\"text-align: justify;\">Pour le batteur avide, un livre vraiment extraordinaire avec des rainures de session fantastiques. Dans les scores claires tous les rythmes de percussions, des Fill Ins et des parties solistes sont \u00e9crites et peut donner beaucoup d&rsquo;inspiration surtout quand \u00e9coutant le <strong>CD restless<\/strong>.\u2013 dans le tempo d&rsquo;origine on peut jouer les parties de la batterie avec la musique sur le <strong>CD REVELATION Revisited Atmospheres<\/strong>.<\/p>\n<p style=\"text-align: center;\">Une vue partielle de flipbook de livre de chanson<br \/>\nThe Drumming Parts Of REVELATION-Artrock peut \u00eatre trouv\u00e9e\u00a0\u00a0<span style=\"color: #ffffff;\"><span style=\"color: #ffff00; font-size: 12pt;\"><a style=\"color: #ffffff;\" href=\"http:\/\/revelation-music.de\/flashsite\/flip_dp\" target=\"_blank\"><strong>ici<\/strong><\/a><\/span><\/span>.<\/p>\n<p>&nbsp;<\/p>\n<p style=\"text-align: center;\"><strong>3. The REVELATION Songbook<\/strong><br \/>\n(disponible)<\/p>\n<p style=\"text-align: justify;\">Ce livre extraordinaire contient toutes les chansons de REVELATION du genre REVELATION-Artmusic et la voix de piano de l&rsquo;Opus Raging Century Part 1 (REVELATION-Artrock)<\/p>\n<p style=\"text-align: justify;\">Outre la notation musicale les paroles aussi sont incluses. Compositions impressionnantes avec une instrumentation diversifi\u00e9e montrent la polyvalence du duo musical et vous invitent \u00e0 jouer long \u2013 la musique qui est \u00e9crit dans les scores a \u00e9t\u00e9 lib\u00e9r\u00e9 sur les CD <strong>TREASURES<\/strong> et <strong>THE ARTS OF LOVE<\/strong> \u2013 ces CD sont r\u00e9pertori\u00e9s dans le menu du CD et sont disponibles.<\/p>\n<p style=\"text-align: center;\">Une vue partielle de flipbook de livre de chanson<br \/>\nThe REVELATION Songbook peut \u00eatre trouv\u00e9e\u00a0 <span style=\"color: #ffff00; font-size: 12pt;\"><a style=\"color: #ffffff;\" href=\"http:\/\/revelation-music.de\/flashsite\/flip_song\/\" target=\"_blank\"><strong>ici<\/strong><\/a><\/span>.<\/p>\n<p style=\"text-align: center;\">Plus d&rsquo;informations sur les livres de chanson de REVELATION? &#8211; Visitez notre site Flash.<\/p>\n","protected":false},"excerpt":{"rendered":"<p>\u00a01. REVELATION Lyrics (disponible) Pour plus d&rsquo;informations sur ce livre de REVELATION visitez le menu `Lettre d&rsquo;information\u00b4. Une vue partielle de flipbook de livre de chanson REVELATION Lyrics peut \u00eatre trouv\u00e9e\u00a0 ici. &nbsp; 2. The Drumming Parts Of REVELATION-Artrock (disponible) Pour le batteur avide, un livre vraiment extraordinaire avec des rainures de session fantastiques. Dans [&hellip;]<\/p>\n","protected":false},"author":1,"featured_media":0,"parent":0,"menu_order":0,"comment_status":"closed","ping_status":"closed","template":"","meta":[],"_links":{"self":[{"href":"https:\/\/revelation-music.de\/fr\/wp-json\/wp\/v2\/pages\/189"}],"collection":[{"href":"https:\/\/revelation-music.de\/fr\/wp-json\/wp\/v2\/pages"}],"about":[{"href":"https:\/\/revelation-music.de\/fr\/wp-json\/wp\/v2\/types\/page"}],"author":[{"embeddable":true,"href":"https:\/\/revelation-music.de\/fr\/wp-json\/wp\/v2\/users\/1"}],"replies":[{"embeddable":true,"href":"https:\/\/revelation-music.de\/fr\/wp-json\/wp\/v2\/comments?post=189"}],"version-history":[{"count":8,"href":"https:\/\/revelation-music.de\/fr\/wp-json\/wp\/v2\/pages\/189\/revisions"}],"predecessor-version":[{"id":433,"href":"https:\/\/revelation-music.de\/fr\/wp-json\/wp\/v2\/pages\/189\/revisions\/433"}],"wp:attachment":[{"href":"https:\/\/revelation-music.de\/fr\/wp-json\/wp\/v2\/media?parent=189"}],"curies":[{"name":"wp","href":"https:\/\/api.w.org\/{rel}","templated":true}]}}