{"id":187,"date":"2015-05-20T22:22:45","date_gmt":"2015-05-20T20:22:45","guid":{"rendered":"http:\/\/revelation-music.de\/fr\/?page_id=187"},"modified":"2015-09-04T21:40:50","modified_gmt":"2015-09-04T19:40:50","slug":"livres","status":"publish","type":"page","link":"https:\/\/revelation-music.de\/fr\/livres\/","title":{"rendered":"Livres"},"content":{"rendered":"<p style=\"text-align: center;\"><strong>La zone de travail de la litt\u00e9rature musicale<\/strong><\/p>\n<p style=\"text-align: justify;\">REVELATION offre des livres de chanson et des manuels de musique exceptionnels dans une qualit\u00e9 qui est bien au-dessus de l&rsquo;offre g\u00e9n\u00e9rale \u2013 tout le monde peut d\u00e9couvrir sa musicalit\u00e9 par les manuels scolaires de REVELATION. Calmement et dans les \u00e9tapes d&rsquo;apprentissage agr\u00e9able chacun peut g\u00e9n\u00e9ralement \u00e9voluer musicalement ou peut choisir ses zones musicales sp\u00e9cifiques. Vous pouvez profiter de la joie de vos r\u00e9alisations d&rsquo;apprentissage et de votre progr\u00e8s en jouant sur le propre instrument \u2013 manuels qui motivent, fournissent des conseils et de faire revivre l&rsquo;essence de la musique \u2026<\/p>\n<p style=\"text-align: justify;\">Les trois livres de chanson de REVELATION \u00e9crites sur REVELATION sont vraiment exceptionnels \u2013 ils couvrent, entre autre, les domaines de la po\u00e9sie lyrique musicale, de la fascination de jouer la batterie et des jeux de rythmes qui sont id\u00e9al pour des sessions musicales. Ils r\u00e9v\u00e8lent tout le r\u00e9pertoire d\u00b4Artmusic clair sous forme de score.<\/p>\n<p style=\"text-align: justify;\">Dans le menu `Lettre d&rsquo;information\u00b4 en savoir plus sur le livre REVELATION Lyrics peut \u00eatre lu.<\/p>\n<p style=\"text-align: center;\">Pour plus d&rsquo;informations sur les livres de REVELATION visitez notre site Flash.<\/p>\n","protected":false},"excerpt":{"rendered":"<p>La zone de travail de la litt\u00e9rature musicale REVELATION offre des livres de chanson et des manuels de musique exceptionnels dans une qualit\u00e9 qui est bien au-dessus de l&rsquo;offre g\u00e9n\u00e9rale \u2013 tout le monde peut d\u00e9couvrir sa musicalit\u00e9 par les manuels scolaires de REVELATION. Calmement et dans les \u00e9tapes d&rsquo;apprentissage agr\u00e9able chacun peut g\u00e9n\u00e9ralement \u00e9voluer [&hellip;]<\/p>\n","protected":false},"author":1,"featured_media":0,"parent":0,"menu_order":0,"comment_status":"closed","ping_status":"closed","template":"","meta":[],"_links":{"self":[{"href":"https:\/\/revelation-music.de\/fr\/wp-json\/wp\/v2\/pages\/187"}],"collection":[{"href":"https:\/\/revelation-music.de\/fr\/wp-json\/wp\/v2\/pages"}],"about":[{"href":"https:\/\/revelation-music.de\/fr\/wp-json\/wp\/v2\/types\/page"}],"author":[{"embeddable":true,"href":"https:\/\/revelation-music.de\/fr\/wp-json\/wp\/v2\/users\/1"}],"replies":[{"embeddable":true,"href":"https:\/\/revelation-music.de\/fr\/wp-json\/wp\/v2\/comments?post=187"}],"version-history":[{"count":5,"href":"https:\/\/revelation-music.de\/fr\/wp-json\/wp\/v2\/pages\/187\/revisions"}],"predecessor-version":[{"id":357,"href":"https:\/\/revelation-music.de\/fr\/wp-json\/wp\/v2\/pages\/187\/revisions\/357"}],"wp:attachment":[{"href":"https:\/\/revelation-music.de\/fr\/wp-json\/wp\/v2\/media?parent=187"}],"curies":[{"name":"wp","href":"https:\/\/api.w.org\/{rel}","templated":true}]}}