{"id":184,"date":"2015-05-20T22:18:43","date_gmt":"2015-05-20T20:18:43","guid":{"rendered":"http:\/\/revelation-music.de\/fr\/?page_id=184"},"modified":"2015-10-19T20:10:24","modified_gmt":"2015-10-19T18:10:24","slug":"cd-en-jouer-long","status":"publish","type":"page","link":"https:\/\/revelation-music.de\/fr\/cd-en-jouer-long\/","title":{"rendered":"CD \u00e0 jouer long"},"content":{"rendered":"<p style=\"text-align: center;\"><strong>CD de REVELATION <span id=\"result_box\" class=\"short_text\" lang=\"fr\"><span class=\"hps\">pour jouer<\/span> <span class=\"hps\">avec la musique<\/span><\/span> (CD Play Along) :<\/strong><\/p>\n<p style=\"text-align: center;\">Puisque la musique de REVELATION est bien adapt\u00e9 \u00e0 jouer long, nous avons d\u00e9velopp\u00e9 ce qu&rsquo;on appelle CD Play-Along &#8211; les CD Play-Along invitent chacun \u00e0 jouer avec la musique avec son propre instrument et chacun, qui est int\u00e9ress\u00e9 \u00e0 apprendre un instrument.<\/p>\n<p style=\"text-align: center;\"><strong>Disponible sont:<\/strong><\/p>\n<p style=\"text-align: center;\">Play Along Songs in 4\/4 &#8211; CD 1<\/p>\n<p style=\"text-align: center;\">Play Along Songs in 4\/4 &#8211; CD 2<\/p>\n<p style=\"text-align: center;\">Play Along Songs in 4\/4 &#8211; CD 3<\/p>\n<p style=\"text-align: center;\">Play Along Songs in Odd Times &#8211; CD 1<\/p>\n<p style=\"text-align: center;\">Play Along Songs in Odd Times &#8211; CD 2<\/p>\n<p style=\"text-align: center;\">Play Along Bass Lines in 4\/4 &#8211; CD 1<\/p>\n<p style=\"text-align: center;\">Play Along Bass Lines in 4\/4 &#8211; CD 2<\/p>\n<p style=\"text-align: center;\">Play Along\u00a0Bass Lines in Odd Times &#8211; CD 1<\/p>\n<p style=\"text-align: center;\">Play Along\u00a0Bass Lines in Odd Times &#8211; CD 2<\/p>\n<p style=\"text-align: center;\">Chacun des 9 CD peut aussi \u00eatre pr\u00e9cieux pour l&rsquo;enseignement de la musique.<\/p>\n<p style=\"text-align: center;\">Plus d&rsquo;informations et de nombreux clips \u00e0 ces CD Play Along sur notre site Flash.<\/p>\n<p style=\"text-align: center;\">\n","protected":false},"excerpt":{"rendered":"<p>CD de REVELATION pour jouer avec la musique (CD Play Along) : Puisque la musique de REVELATION est bien adapt\u00e9 \u00e0 jouer long, nous avons d\u00e9velopp\u00e9 ce qu&rsquo;on appelle CD Play-Along &#8211; les CD Play-Along invitent chacun \u00e0 jouer avec la musique avec son propre instrument et chacun, qui est int\u00e9ress\u00e9 \u00e0 apprendre un instrument. [&hellip;]<\/p>\n","protected":false},"author":1,"featured_media":0,"parent":0,"menu_order":0,"comment_status":"closed","ping_status":"closed","template":"","meta":[],"_links":{"self":[{"href":"https:\/\/revelation-music.de\/fr\/wp-json\/wp\/v2\/pages\/184"}],"collection":[{"href":"https:\/\/revelation-music.de\/fr\/wp-json\/wp\/v2\/pages"}],"about":[{"href":"https:\/\/revelation-music.de\/fr\/wp-json\/wp\/v2\/types\/page"}],"author":[{"embeddable":true,"href":"https:\/\/revelation-music.de\/fr\/wp-json\/wp\/v2\/users\/1"}],"replies":[{"embeddable":true,"href":"https:\/\/revelation-music.de\/fr\/wp-json\/wp\/v2\/comments?post=184"}],"version-history":[{"count":4,"href":"https:\/\/revelation-music.de\/fr\/wp-json\/wp\/v2\/pages\/184\/revisions"}],"predecessor-version":[{"id":430,"href":"https:\/\/revelation-music.de\/fr\/wp-json\/wp\/v2\/pages\/184\/revisions\/430"}],"wp:attachment":[{"href":"https:\/\/revelation-music.de\/fr\/wp-json\/wp\/v2\/media?parent=184"}],"curies":[{"name":"wp","href":"https:\/\/api.w.org\/{rel}","templated":true}]}}