{"id":170,"date":"2015-05-20T21:59:56","date_gmt":"2015-05-20T19:59:56","guid":{"rendered":"http:\/\/revelation-music.de\/fr\/?page_id=170"},"modified":"2015-05-26T19:42:11","modified_gmt":"2015-05-26T17:42:11","slug":"cds_audio_afro-latin-rock","status":"publish","type":"page","link":"https:\/\/revelation-music.de\/fr\/cds_audio_afro-latin-rock\/","title":{"rendered":"CD audio Afro-Latin-Rock"},"content":{"rendered":"<p style=\"text-align: justify;\">Dans la planification est un nouveau genre de musique de REVELATION avec lib\u00e9ration de CD et concerts \u00e9v\u00e9nements.<br \/>\nPour plus d&rsquo;informations visitez le menu <strong>\u00c9v\u00e9nements musicales\/concerts<\/strong>.<\/p>\n","protected":false},"excerpt":{"rendered":"<p>Dans la planification est un nouveau genre de musique de REVELATION avec lib\u00e9ration de CD et concerts \u00e9v\u00e9nements. Pour plus d&rsquo;informations visitez le menu \u00c9v\u00e9nements musicales\/concerts.<\/p>\n","protected":false},"author":1,"featured_media":0,"parent":0,"menu_order":0,"comment_status":"closed","ping_status":"closed","template":"","meta":[],"_links":{"self":[{"href":"https:\/\/revelation-music.de\/fr\/wp-json\/wp\/v2\/pages\/170"}],"collection":[{"href":"https:\/\/revelation-music.de\/fr\/wp-json\/wp\/v2\/pages"}],"about":[{"href":"https:\/\/revelation-music.de\/fr\/wp-json\/wp\/v2\/types\/page"}],"author":[{"embeddable":true,"href":"https:\/\/revelation-music.de\/fr\/wp-json\/wp\/v2\/users\/1"}],"replies":[{"embeddable":true,"href":"https:\/\/revelation-music.de\/fr\/wp-json\/wp\/v2\/comments?post=170"}],"version-history":[{"count":6,"href":"https:\/\/revelation-music.de\/fr\/wp-json\/wp\/v2\/pages\/170\/revisions"}],"predecessor-version":[{"id":326,"href":"https:\/\/revelation-music.de\/fr\/wp-json\/wp\/v2\/pages\/170\/revisions\/326"}],"wp:attachment":[{"href":"https:\/\/revelation-music.de\/fr\/wp-json\/wp\/v2\/media?parent=170"}],"curies":[{"name":"wp","href":"https:\/\/api.w.org\/{rel}","templated":true}]}}