{"id":17,"date":"2015-05-07T16:53:56","date_gmt":"2015-05-07T14:53:56","guid":{"rendered":"http:\/\/revelation-music.de\/fr\/?page_id=17"},"modified":"2015-05-20T19:12:08","modified_gmt":"2015-05-20T17:12:08","slug":"concerts","status":"publish","type":"page","link":"https:\/\/revelation-music.de\/fr\/concerts\/","title":{"rendered":"concerts"},"content":{"rendered":"<p style=\"text-align: center;\"><strong>Concerts d\u00b4Artrock<\/strong><\/p>\n<p style=\"text-align: center;\">ARTROCK (Progressive Rock)<br \/>\nest un style musical \u00e9tonnante,<br \/>\nsouvent croix style, monumental, sophistiqu\u00e9,<br \/>\nuncommercial et non conventionnelle.<\/p>\n<p style=\"text-align: center;\">Inspir\u00e9 par ce genre, REVELATION a cr\u00e9\u00e9 exclusivement ses propres compositions.<br \/>\nLes paroles ont un pouvoir explicatif forte et se marient parfaitement avec la musique \u2013<br \/>\nl&rsquo;auditeur est invit\u00e9 \u00e0 un voyage impressionnant, que fait penser \u00e0 son apog\u00e9e dans les ann\u00e9es soixante-dix.<\/p>\n<p style=\"text-align: center;\">Avec la pr\u00e9sence expressive REVELATION pr\u00e9sente propres compositions uniques, dont certaines ont un caract\u00e8re Opus par leur longueur et de l&rsquo;instrumentation inhabituelle &#8211; elles font penser aux groupes comme Emerson, Lake &amp; Palmer (ELP), Genesis et Marillion.<\/p>\n<p>&nbsp;<\/p>\n<p style=\"text-align: center;\"><strong>Concerts d\u00b4Artmusic<\/strong><\/p>\n<p style=\"text-align: center;\">2010 REVELATION a cr\u00e9\u00e9 un nouveau genre musical pour lui-m\u00eame:<br \/>\nAvec des images sonores transparentes et atmosph\u00e9riques, cr\u00e9\u00e9 par la voix chant\u00e9e, par les instruments \u00e0 clavier, par la fl\u00fbte et par les instruments de percussion, l&rsquo;auditeur est emport\u00e9 dans des environnements sonores extraordinaires et intenses. Croix style compositions originales aux arrangements sophistiqu\u00e9s cr\u00e9er une nouvelle ambiance concerto et rappelle un peu de bandes sophistiqu\u00e9s comme TOTO, qui toujours \u00e9voluent musicalement au fil des ans en d\u00e9pit de sa r\u00e9f\u00e9rence au courant dominant.<\/p>\n<p>&nbsp;<\/p>\n<p style=\"text-align: center;\"><strong>Concerts d\u00b4Afro-Latin-Rock (<\/strong><strong>pr\u00e9vu<\/strong><strong>)<\/strong><\/p>\n<p style=\"text-align: center;\">Afrique, l&rsquo;origine et la source des rythmes puls\u00e9s, fusionn\u00e9 de mani\u00e8re individuelle avec l&rsquo;Am\u00e9rique latine et ses rythmes traditionnels et modernes, alors que l&rsquo;Europe se pr\u00e9sente du classique au rock virtuose \u2013 ces compositions musicales aussi accompagnent la voix chant\u00e9e pentatonique \u2026<\/p>\n","protected":false},"excerpt":{"rendered":"<p>Concerts d\u00b4Artrock ARTROCK (Progressive Rock) est un style musical \u00e9tonnante, souvent croix style, monumental, sophistiqu\u00e9, uncommercial et non conventionnelle. Inspir\u00e9 par ce genre, REVELATION a cr\u00e9\u00e9 exclusivement ses propres compositions. Les paroles ont un pouvoir explicatif forte et se marient parfaitement avec la musique \u2013 l&rsquo;auditeur est invit\u00e9 \u00e0 un voyage impressionnant, que fait penser [&hellip;]<\/p>\n","protected":false},"author":1,"featured_media":0,"parent":0,"menu_order":0,"comment_status":"open","ping_status":"open","template":"","meta":[],"_links":{"self":[{"href":"https:\/\/revelation-music.de\/fr\/wp-json\/wp\/v2\/pages\/17"}],"collection":[{"href":"https:\/\/revelation-music.de\/fr\/wp-json\/wp\/v2\/pages"}],"about":[{"href":"https:\/\/revelation-music.de\/fr\/wp-json\/wp\/v2\/types\/page"}],"author":[{"embeddable":true,"href":"https:\/\/revelation-music.de\/fr\/wp-json\/wp\/v2\/users\/1"}],"replies":[{"embeddable":true,"href":"https:\/\/revelation-music.de\/fr\/wp-json\/wp\/v2\/comments?post=17"}],"version-history":[{"count":6,"href":"https:\/\/revelation-music.de\/fr\/wp-json\/wp\/v2\/pages\/17\/revisions"}],"predecessor-version":[{"id":130,"href":"https:\/\/revelation-music.de\/fr\/wp-json\/wp\/v2\/pages\/17\/revisions\/130"}],"wp:attachment":[{"href":"https:\/\/revelation-music.de\/fr\/wp-json\/wp\/v2\/media?parent=17"}],"curies":[{"name":"wp","href":"https:\/\/api.w.org\/{rel}","templated":true}]}}