{"id":168,"date":"2015-05-20T21:58:38","date_gmt":"2015-05-20T19:58:38","guid":{"rendered":"http:\/\/revelation-music.de\/fr\/?page_id=168"},"modified":"2015-09-04T21:37:05","modified_gmt":"2015-09-04T19:37:05","slug":"cd_audio_artmusic","status":"publish","type":"page","link":"https:\/\/revelation-music.de\/fr\/cd_audio_artmusic\/","title":{"rendered":"CD audio Artmusic"},"content":{"rendered":"<p style=\"text-align: center;\">Les deux albums <strong>Treasures<\/strong> et <strong>The Arts Of Love<br \/>\n<\/strong>appartiennent au r\u00e9pertoire de genre REVELATION-Artmusic.<\/p>\n<p style=\"text-align: center;\">\u00c9chantillons audio et plus d&rsquo;informations \u00e0 ce sujet sur notre site Flash.<\/p>\n<p>&nbsp;<\/p>\n<p style=\"text-align: center;\"><strong>Treasures<\/strong><\/p>\n<p style=\"text-align: justify;\">L&rsquo;album TREASURES a \u00e9t\u00e9 cr\u00e9\u00e9 en 2010.<br \/>\nPour REVELATION il \u00e9tait un d\u00e9fi passionnant pour cr\u00e9er un album qui se d\u00e9marque dans le cadre de la nouvelle orientation musicale en exigeantes compositions uniques \u2013 ajout\u00e9 \u00e0 cela \u00e9tait l&rsquo;intention de cr\u00e9er des atmosph\u00e8res particuli\u00e8res par une instrumentation choisie, des arrangements sophistiqu\u00e9s, des cr\u00e9ations sonores sp\u00e9ciaux et des faits saillants musicaux.<br \/>\nD\u00e9vouement et finitions artistiques \u00e9taient \u00e9merg\u00e9s six compositions qui ont valu un titre de l&rsquo;album exclusif dans une nouvelle stylistique pour REVELATION \u2013 ainsi, un concept global avec les normes artistiques \u00e9lev\u00e9es d\u00e9velopp\u00e9.<\/p>\n<!--[if lt IE 9]><script>document.createElement('audio');<\/script><![endif]-->\n<audio class=\"wp-audio-shortcode\" id=\"audio-168-1\" preload=\"none\" style=\"width: 100%;\" controls=\"controls\"><source type=\"audio\/mpeg\" src=\"http:\/\/revelation-music.de\/fr\/wp-content\/uploads\/sites\/4\/2015\/05\/The-Mirror_2.mp3?_=1\" \/><a href=\"http:\/\/revelation-music.de\/fr\/wp-content\/uploads\/sites\/4\/2015\/05\/The-Mirror_2.mp3\">http:\/\/revelation-music.de\/fr\/wp-content\/uploads\/sites\/4\/2015\/05\/The-Mirror_2.mp3<\/a><\/audio>\n<audio class=\"wp-audio-shortcode\" id=\"audio-168-2\" preload=\"none\" style=\"width: 100%;\" controls=\"controls\"><source type=\"audio\/mpeg\" src=\"http:\/\/revelation-music.de\/fr\/wp-content\/uploads\/sites\/4\/2015\/05\/Frames-Of-Mind_4.mp3?_=2\" \/><a href=\"http:\/\/revelation-music.de\/fr\/wp-content\/uploads\/sites\/4\/2015\/05\/Frames-Of-Mind_4.mp3\">http:\/\/revelation-music.de\/fr\/wp-content\/uploads\/sites\/4\/2015\/05\/Frames-Of-Mind_4.mp3<\/a><\/audio>\n<p>&nbsp;<\/p>\n<p style=\"text-align: center;\"><strong>The Arts Of Love<\/strong><\/p>\n<p style=\"text-align: justify;\">L&rsquo;album THE ARTS OF LOVE a \u00e9t\u00e9 cr\u00e9\u00e9 en 2011.<br \/>\n<span id=\"result_box\" class=\"\" lang=\"fr\" tabindex=\"-1\"><span class=\"hps atn\">L&rsquo;<\/span>ambition de cr\u00e9er <span class=\"hps\">des pi\u00e8ces uniques<\/span> <span class=\"hps\">dans un style nouveau <\/span><span class=\"hps\">a maintenant<\/span> <span class=\"hps\">donn\u00e9 le plus<\/span> <span class=\"hps\">beau cadeau<\/span> <span class=\"hps\">de la nature<\/span><span class=\"\">: <\/span><\/span>REVELATION voulait donner le ph\u00e9nom\u00e8ne de l&rsquo;amour une propre voix musicale par la diversit\u00e9, l&rsquo;expressivit\u00e9 et la vari\u00e9t\u00e9 &#8211; voix, texte, arrangement et l&rsquo;instrumentation conduisent dans des environnements sonores l\u00e0 o\u00f9 le raffinement artistique et humeurs intenses sont v\u00e9cus.<\/p>\n<audio class=\"wp-audio-shortcode\" id=\"audio-168-3\" preload=\"none\" style=\"width: 100%;\" controls=\"controls\"><source type=\"audio\/mpeg\" src=\"http:\/\/revelation-music.de\/fr\/wp-content\/uploads\/sites\/4\/2015\/05\/A-Beggar-For-Your-Love_2.mp3?_=3\" \/><a href=\"http:\/\/revelation-music.de\/fr\/wp-content\/uploads\/sites\/4\/2015\/05\/A-Beggar-For-Your-Love_2.mp3\">http:\/\/revelation-music.de\/fr\/wp-content\/uploads\/sites\/4\/2015\/05\/A-Beggar-For-Your-Love_2.mp3<\/a><\/audio>\n<audio class=\"wp-audio-shortcode\" id=\"audio-168-4\" preload=\"none\" style=\"width: 100%;\" controls=\"controls\"><source type=\"audio\/mpeg\" src=\"http:\/\/revelation-music.de\/fr\/wp-content\/uploads\/sites\/4\/2015\/05\/a_ifneed2.mp3?_=4\" \/><a href=\"http:\/\/revelation-music.de\/fr\/wp-content\/uploads\/sites\/4\/2015\/05\/a_ifneed2.mp3\">http:\/\/revelation-music.de\/fr\/wp-content\/uploads\/sites\/4\/2015\/05\/a_ifneed2.mp3<\/a><\/audio>\n","protected":false},"excerpt":{"rendered":"<p>Les deux albums Treasures et The Arts Of Love appartiennent au r\u00e9pertoire de genre REVELATION-Artmusic. \u00c9chantillons audio et plus d&rsquo;informations \u00e0 ce sujet sur notre site Flash. &nbsp; Treasures L&rsquo;album TREASURES a \u00e9t\u00e9 cr\u00e9\u00e9 en 2010. Pour REVELATION il \u00e9tait un d\u00e9fi passionnant pour cr\u00e9er un album qui se d\u00e9marque dans le cadre de la [&hellip;]<\/p>\n","protected":false},"author":1,"featured_media":0,"parent":0,"menu_order":0,"comment_status":"closed","ping_status":"closed","template":"","meta":[],"_links":{"self":[{"href":"https:\/\/revelation-music.de\/fr\/wp-json\/wp\/v2\/pages\/168"}],"collection":[{"href":"https:\/\/revelation-music.de\/fr\/wp-json\/wp\/v2\/pages"}],"about":[{"href":"https:\/\/revelation-music.de\/fr\/wp-json\/wp\/v2\/types\/page"}],"author":[{"embeddable":true,"href":"https:\/\/revelation-music.de\/fr\/wp-json\/wp\/v2\/users\/1"}],"replies":[{"embeddable":true,"href":"https:\/\/revelation-music.de\/fr\/wp-json\/wp\/v2\/comments?post=168"}],"version-history":[{"count":7,"href":"https:\/\/revelation-music.de\/fr\/wp-json\/wp\/v2\/pages\/168\/revisions"}],"predecessor-version":[{"id":355,"href":"https:\/\/revelation-music.de\/fr\/wp-json\/wp\/v2\/pages\/168\/revisions\/355"}],"wp:attachment":[{"href":"https:\/\/revelation-music.de\/fr\/wp-json\/wp\/v2\/media?parent=168"}],"curies":[{"name":"wp","href":"https:\/\/api.w.org\/{rel}","templated":true}]}}