{"id":166,"date":"2015-05-20T21:55:38","date_gmt":"2015-05-20T19:55:38","guid":{"rendered":"http:\/\/revelation-music.de\/fr\/?page_id=166"},"modified":"2015-12-29T19:20:23","modified_gmt":"2015-12-29T18:20:23","slug":"cd_audio_artrock","status":"publish","type":"page","link":"https:\/\/revelation-music.de\/fr\/cd_audio_artrock\/","title":{"rendered":"CD audio Artrock"},"content":{"rendered":"<p style=\"text-align: center;\">Les trois albums <strong>Restless<\/strong>,<strong> Would A Song Ever Lie<\/strong> et\u00a0<strong>REVELATION Revisited &#8211; Atmospheres<\/strong> appartiennent au r\u00e9pertoire de genre REVELATION-Artrock.<\/p>\n<p style=\"text-align: center;\">\u00c9chantillons audio et plus d&rsquo;informations \u00e0 ce sujet sur notre site Flash.<\/p>\n<p>&nbsp;<\/p>\n<p style=\"text-align: center;\"><strong>Restless<\/strong><\/p>\n<p style=\"text-align: justify;\">Le premier album <strong>restless<\/strong> a \u00e9merg\u00e9 en Janvier de 1999 <span id=\"result_box\" class=\"\" lang=\"fr\"><span class=\"hps\">et<\/span> <span class=\"hps\">refl\u00e8te<\/span> <span class=\"hps\">la p\u00e9riode exp\u00e9rimentale<\/span><span class=\"\">.<\/span><\/span><br \/>\nLes anciens premiers musiciens de REVELATION \u00e9taient Ronald Bachmann (guitare), Jochen Neu (guitare basse), Andrea Mertens (chant) et Detlef Lisiecki (batterie, marimba, claviers).<\/p>\n<!--[if lt IE 9]><script>document.createElement('audio');<\/script><![endif]-->\n<audio class=\"wp-audio-shortcode\" id=\"audio-166-1\" preload=\"none\" style=\"width: 100%;\" controls=\"controls\"><source type=\"audio\/mpeg\" src=\"http:\/\/revelation-music.de\/wp-content\/uploads\/2014\/11\/A-Winters-Prayer-MP-1.mp3?_=1\" \/><a href=\"http:\/\/revelation-music.de\/wp-content\/uploads\/2014\/11\/A-Winters-Prayer-MP-1.mp3\">http:\/\/revelation-music.de\/wp-content\/uploads\/2014\/11\/A-Winters-Prayer-MP-1.mp3<\/a><\/audio>\n<p>&nbsp;<\/p>\n<p style=\"text-align: center;\"><strong>Would A Song Ever LIe<\/strong><\/p>\n<p style=\"text-align: justify;\">En Juin 1999, alors REVELATION a enregistr\u00e9 un CD avec trois pi\u00e8ces usin\u00e9es <span id=\"result_box\" class=\"\" lang=\"fr\"><span class=\"hps\"> \u00e0 partir de<\/span> <span class=\"hps\">l&rsquo;album<\/span><\/span> <strong>restless<\/strong> &#8211; le beau titre de la chanson <strong>Would A Song Ever Lie<\/strong> est devenu le titre de l&rsquo;album, qui a \u00e9t\u00e9 publi\u00e9 comme un Maxi-CD officiel pour l&rsquo;album restless.<br \/>\nPar rapport \u00e0 la version exp\u00e9rimentale de l\u00b4album restless la composition <strong>Suspicion<\/strong> a r\u00e9v\u00e9l\u00e9 un d\u00e9veloppement r\u00e9ussi \u2013 <span id=\"result_box\" class=\"\" lang=\"fr\"><span class=\"hps\">la pleine r\u00e9alisation<\/span> <span class=\"hps\">du <\/span><span class=\"hps\">potentiel musical<\/span>\u00a0de\u00a0<span class=\"hps\">la chanson<\/span>\u00a0<span class=\"hps\">inconsciemment amen\u00e9 l&rsquo;introduction des changements<\/span> <span class=\"hps\">d&rsquo;appui,<\/span> <span class=\"hps\">qui ont conduit \u00e0<\/span> <span class=\"hps\">l&rsquo;ach\u00e8vement<\/span> <span class=\"hps\">de toutes les compositions<\/span> <span class=\"hps\">de<\/span> <span class=\"hps\">l&rsquo;album<\/span> r<span class=\"hps\">estless<\/span> <span class=\"hps\">douze ans plus tard<\/span><span class=\"\">.<\/span><\/span><\/p>\n<audio class=\"wp-audio-shortcode\" id=\"audio-166-2\" preload=\"none\" style=\"width: 100%;\" controls=\"controls\"><source type=\"audio\/mpeg\" src=\"http:\/\/revelation-music.de\/fr\/wp-content\/uploads\/sites\/4\/2015\/05\/Suspicion-MP-2.mp3?_=2\" \/><a href=\"http:\/\/revelation-music.de\/fr\/wp-content\/uploads\/sites\/4\/2015\/05\/Suspicion-MP-2.mp3\">http:\/\/revelation-music.de\/fr\/wp-content\/uploads\/sites\/4\/2015\/05\/Suspicion-MP-2.mp3<\/a><\/audio>\n<audio class=\"wp-audio-shortcode\" id=\"audio-166-3\" preload=\"none\" style=\"width: 100%;\" controls=\"controls\"><source type=\"audio\/mpeg\" src=\"http:\/\/revelation-music.de\/fr\/wp-content\/uploads\/sites\/4\/2015\/05\/Suspicion-MP-3.mp3?_=3\" \/><a href=\"http:\/\/revelation-music.de\/fr\/wp-content\/uploads\/sites\/4\/2015\/05\/Suspicion-MP-3.mp3\">http:\/\/revelation-music.de\/fr\/wp-content\/uploads\/sites\/4\/2015\/05\/Suspicion-MP-3.mp3<\/a><\/audio>\n<p>&nbsp;<\/p>\n<p style=\"text-align: center;\"><strong>REVELATION Revisited &#8211; Atmospheres<\/strong><\/p>\n<p style=\"text-align: justify;\">Cet album extraordinaire refl\u00e8te l&rsquo;ach\u00e8vement des six compositions d\u00b4Artrock de 1999.<br \/>\nLa chose vraiment inhabituelle de cet album est le manque d\u2019arrangements de percussion \u2013 la fusion impressionnante d&rsquo;atmosph\u00e8res intenses, la transparence de son sp\u00e9cial, les normes \u00e9lev\u00e9es de musique et l&rsquo;instrumentation exceptionnelle donnent le caract\u00e8re de chef-d&rsquo;\u0153uvre et l&rsquo;unicit\u00e9 dans la sc\u00e8ne musicale d&rsquo;aujourd&rsquo;hui \u00e0 cet album, <span id=\"result_box\" class=\"short_text\" lang=\"fr\"><span class=\"hps\">qui a \u00e9t\u00e9 publi\u00e9<\/span> <span class=\"hps\">en 2012<\/span><span class=\"\">.<\/span><\/span><br \/>\nD\u00e8s 2004, les six compositions de l\u00b4album restless \u00e9taient musicalement nouveaux v\u00eatus et ils ont \u00e9t\u00e9 enrichies par une autre composition globale de style qui a \u00e9galement \u00e9t\u00e9 enregistr\u00e9 pour l&rsquo;album REVELATION Revisited-Atmospheres.<\/p>\n<p style=\"text-align: justify;\">La voix polyvalente de Martina Ertel fait de cet album une exp\u00e9rience d&rsquo;\u00e9coute particuli\u00e8re.<\/p>\n<audio class=\"wp-audio-shortcode\" id=\"audio-166-4\" preload=\"none\" style=\"width: 100%;\" controls=\"controls\"><source type=\"audio\/mpeg\" src=\"http:\/\/revelation-music.de\/fr\/wp-content\/uploads\/sites\/4\/2015\/05\/Scarecrows_1.mp3?_=4\" \/><a href=\"http:\/\/revelation-music.de\/fr\/wp-content\/uploads\/sites\/4\/2015\/05\/Scarecrows_1.mp3\">http:\/\/revelation-music.de\/fr\/wp-content\/uploads\/sites\/4\/2015\/05\/Scarecrows_1.mp3<\/a><\/audio>\n<p>&nbsp;<\/p>\n<p style=\"text-align: center;\"><strong>REVELATION Revisited<\/strong><\/p>\n<p style=\"text-align: justify;\">Le CD REVELATION\u00a0Revisited &#8211; Atmospheres enti\u00e8rement instrument\u00e9es avec des arrangements de percussions sp\u00e9ciales apparaissent sous le titre REVELATION Revisited. Tous les arrangements de percussions enregistr\u00e9es sur ce CD sont \u00e9crites dans le livre de chanson THE DRUMMING PARTS OF REVELATION-ARTROCK (vous pouvez jeter un oeil \u00e0 un arrangement de percussion et quelques rythmes pour l\u00b4interaction spontan\u00e9e dans le flipbook de menu Livres\/Livres de chanson).<\/p>\n","protected":false},"excerpt":{"rendered":"<p>Les trois albums Restless, Would A Song Ever Lie et\u00a0REVELATION Revisited &#8211; Atmospheres appartiennent au r\u00e9pertoire de genre REVELATION-Artrock. \u00c9chantillons audio et plus d&rsquo;informations \u00e0 ce sujet sur notre site Flash. &nbsp; Restless Le premier album restless a \u00e9merg\u00e9 en Janvier de 1999 et refl\u00e8te la p\u00e9riode exp\u00e9rimentale. Les anciens premiers musiciens de REVELATION \u00e9taient [&hellip;]<\/p>\n","protected":false},"author":1,"featured_media":0,"parent":0,"menu_order":0,"comment_status":"closed","ping_status":"closed","template":"","meta":[],"_links":{"self":[{"href":"https:\/\/revelation-music.de\/fr\/wp-json\/wp\/v2\/pages\/166"}],"collection":[{"href":"https:\/\/revelation-music.de\/fr\/wp-json\/wp\/v2\/pages"}],"about":[{"href":"https:\/\/revelation-music.de\/fr\/wp-json\/wp\/v2\/types\/page"}],"author":[{"embeddable":true,"href":"https:\/\/revelation-music.de\/fr\/wp-json\/wp\/v2\/users\/1"}],"replies":[{"embeddable":true,"href":"https:\/\/revelation-music.de\/fr\/wp-json\/wp\/v2\/comments?post=166"}],"version-history":[{"count":17,"href":"https:\/\/revelation-music.de\/fr\/wp-json\/wp\/v2\/pages\/166\/revisions"}],"predecessor-version":[{"id":462,"href":"https:\/\/revelation-music.de\/fr\/wp-json\/wp\/v2\/pages\/166\/revisions\/462"}],"wp:attachment":[{"href":"https:\/\/revelation-music.de\/fr\/wp-json\/wp\/v2\/media?parent=166"}],"curies":[{"name":"wp","href":"https:\/\/api.w.org\/{rel}","templated":true}]}}