{"id":162,"date":"2015-05-20T21:49:50","date_gmt":"2015-05-20T19:49:50","guid":{"rendered":"http:\/\/revelation-music.de\/fr\/?page_id=162"},"modified":"2015-05-26T17:17:50","modified_gmt":"2015-05-26T15:17:50","slug":"cd","status":"publish","type":"page","link":"https:\/\/revelation-music.de\/fr\/cd\/","title":{"rendered":"CD"},"content":{"rendered":"<p style=\"text-align: justify;\">Nous offrons des CD audio des genres internes que nous appelons REVELATION-Artrock et REVELATION Artmusic.<\/p>\n<p style=\"text-align: justify;\">Pour jouer avec la musique et \u00e0 des fins \u00e9ducatives REVELATION a d\u00e9velopp\u00e9 9 CD \u2013 offr\u00e9 sont des chansons compl\u00e8tes et des voix de basse sp\u00e9cialement organis\u00e9es dans diff\u00e9rentes stylistique et diff\u00e9rentes signatures de temps \u2013 en option, peut \u00eatre jou\u00e9 avec un agr\u00e9able accompagnement de m\u00e9tronome qui soutiennent le rythme.<\/p>\n<p style=\"text-align: justify;\">Des informations plus d\u00e9taill\u00e9es vous trouvez dans les sous-menus.<\/p>\n<!--[if lt IE 9]><script>document.createElement('audio');<\/script><![endif]-->\n<audio class=\"wp-audio-shortcode\" id=\"audio-162-1\" preload=\"none\" style=\"width: 100%;\" controls=\"controls\"><source type=\"audio\/mpeg\" src=\"http:\/\/revelation-music.de\/fr\/wp-content\/uploads\/sites\/4\/2015\/05\/The-Ways_2.mp3?_=1\" \/><a href=\"http:\/\/revelation-music.de\/fr\/wp-content\/uploads\/sites\/4\/2015\/05\/The-Ways_2.mp3\">http:\/\/revelation-music.de\/fr\/wp-content\/uploads\/sites\/4\/2015\/05\/The-Ways_2.mp3<\/a><\/audio>\n","protected":false},"excerpt":{"rendered":"<p>Nous offrons des CD audio des genres internes que nous appelons REVELATION-Artrock et REVELATION Artmusic. Pour jouer avec la musique et \u00e0 des fins \u00e9ducatives REVELATION a d\u00e9velopp\u00e9 9 CD \u2013 offr\u00e9 sont des chansons compl\u00e8tes et des voix de basse sp\u00e9cialement organis\u00e9es dans diff\u00e9rentes stylistique et diff\u00e9rentes signatures de temps \u2013 en option, peut [&hellip;]<\/p>\n","protected":false},"author":1,"featured_media":0,"parent":0,"menu_order":0,"comment_status":"closed","ping_status":"closed","template":"","meta":[],"_links":{"self":[{"href":"https:\/\/revelation-music.de\/fr\/wp-json\/wp\/v2\/pages\/162"}],"collection":[{"href":"https:\/\/revelation-music.de\/fr\/wp-json\/wp\/v2\/pages"}],"about":[{"href":"https:\/\/revelation-music.de\/fr\/wp-json\/wp\/v2\/types\/page"}],"author":[{"embeddable":true,"href":"https:\/\/revelation-music.de\/fr\/wp-json\/wp\/v2\/users\/1"}],"replies":[{"embeddable":true,"href":"https:\/\/revelation-music.de\/fr\/wp-json\/wp\/v2\/comments?post=162"}],"version-history":[{"count":4,"href":"https:\/\/revelation-music.de\/fr\/wp-json\/wp\/v2\/pages\/162\/revisions"}],"predecessor-version":[{"id":315,"href":"https:\/\/revelation-music.de\/fr\/wp-json\/wp\/v2\/pages\/162\/revisions\/315"}],"wp:attachment":[{"href":"https:\/\/revelation-music.de\/fr\/wp-json\/wp\/v2\/media?parent=162"}],"curies":[{"name":"wp","href":"https:\/\/api.w.org\/{rel}","templated":true}]}}