{"id":15,"date":"2015-05-07T16:52:24","date_gmt":"2015-05-07T14:52:24","guid":{"rendered":"http:\/\/revelation-music.de\/fr\/?page_id=15"},"modified":"2015-10-03T16:30:44","modified_gmt":"2015-10-03T14:30:44","slug":"evenements","status":"publish","type":"page","link":"https:\/\/revelation-music.de\/fr\/evenements\/","title":{"rendered":"\u00c9v\u00e9nements"},"content":{"rendered":"<!--[if lt IE 9]><script>document.createElement('audio');<\/script><![endif]-->\n<audio class=\"wp-audio-shortcode\" id=\"audio-15-1\" preload=\"none\" style=\"width: 100%;\" controls=\"controls\"><source type=\"audio\/mpeg\" src=\"http:\/\/revelation-music.de\/fr\/wp-content\/uploads\/sites\/4\/2015\/05\/Song-For-Glenn_MP3_Special.mp3?_=1\" \/><a href=\"http:\/\/revelation-music.de\/fr\/wp-content\/uploads\/sites\/4\/2015\/05\/Song-For-Glenn_MP3_Special.mp3\">http:\/\/revelation-music.de\/fr\/wp-content\/uploads\/sites\/4\/2015\/05\/Song-For-Glenn_MP3_Special.mp3<\/a><\/audio>\n<p>&nbsp;<\/p>\n<p style=\"text-align: center;\"><strong>REVELATION &#8211; <\/strong><strong>\u00c9v\u00e9nements musicales<\/strong><\/p>\n<p style=\"text-align: center;\">intense &#8211; inspirante &#8211; innovante<\/p>\n<p style=\"text-align: center;\">Si concerts, performances ou la com\u00e9die musicale d\u00b4Artrock,<br \/>\nsi cours de musique, des lectures artistiques ou d&rsquo;activit\u00e9s promotionnelles,<br \/>\nsi programmes de jour ou de semaine culturelle,<br \/>\nsi \u00e9v\u00e9nements pour enfants, adolescents ou adultes &#8230;<\/p>\n<p style=\"text-align: center;\">&#8230; en \u00e9v\u00e9nements de REVELATION tout tourne autour du sujet Musique.<\/p>\n<p style=\"text-align: center;\">En plus des \u00e9v\u00e9nements musicales mentionn\u00e9 individuellement dans les sous-menus il ya d&rsquo;autres offres d\u00b4\u00e9v\u00e9nements sur le site de Martina Ertel\u00a0 <span style=\"color: #ffffff;\"><a style=\"color: #ffffff;\" href=\"http:\/\/www.tina-ertel.de\"><strong>www.tina-ertel.de<\/strong><\/a><\/span><\/p>\n","protected":false},"excerpt":{"rendered":"<p>&nbsp; REVELATION &#8211; \u00c9v\u00e9nements musicales intense &#8211; inspirante &#8211; innovante Si concerts, performances ou la com\u00e9die musicale d\u00b4Artrock, si cours de musique, des lectures artistiques ou d&rsquo;activit\u00e9s promotionnelles, si programmes de jour ou de semaine culturelle, si \u00e9v\u00e9nements pour enfants, adolescents ou adultes &#8230; &#8230; en \u00e9v\u00e9nements de REVELATION tout tourne autour du sujet Musique. [&hellip;]<\/p>\n","protected":false},"author":1,"featured_media":0,"parent":0,"menu_order":0,"comment_status":"open","ping_status":"open","template":"","meta":[],"_links":{"self":[{"href":"https:\/\/revelation-music.de\/fr\/wp-json\/wp\/v2\/pages\/15"}],"collection":[{"href":"https:\/\/revelation-music.de\/fr\/wp-json\/wp\/v2\/pages"}],"about":[{"href":"https:\/\/revelation-music.de\/fr\/wp-json\/wp\/v2\/types\/page"}],"author":[{"embeddable":true,"href":"https:\/\/revelation-music.de\/fr\/wp-json\/wp\/v2\/users\/1"}],"replies":[{"embeddable":true,"href":"https:\/\/revelation-music.de\/fr\/wp-json\/wp\/v2\/comments?post=15"}],"version-history":[{"count":8,"href":"https:\/\/revelation-music.de\/fr\/wp-json\/wp\/v2\/pages\/15\/revisions"}],"predecessor-version":[{"id":403,"href":"https:\/\/revelation-music.de\/fr\/wp-json\/wp\/v2\/pages\/15\/revisions\/403"}],"wp:attachment":[{"href":"https:\/\/revelation-music.de\/fr\/wp-json\/wp\/v2\/media?parent=15"}],"curies":[{"name":"wp","href":"https:\/\/api.w.org\/{rel}","templated":true}]}}