{"id":105,"date":"2015-05-20T16:46:12","date_gmt":"2015-05-20T14:46:12","guid":{"rendered":"http:\/\/revelation-music.de\/fr\/?page_id=105"},"modified":"2019-03-14T19:51:50","modified_gmt":"2019-03-14T18:51:50","slug":"accueils","status":"publish","type":"page","link":"https:\/\/revelation-music.de\/fr\/","title":{"rendered":"Accueil"},"content":{"rendered":"<p style=\"text-align: center;\"><strong>Bienvenue sur le site de REVELATION!<\/strong><\/p>\n<!--[if lt IE 9]><script>document.createElement('audio');<\/script><![endif]-->\n<audio class=\"wp-audio-shortcode\" id=\"audio-105-1\" preload=\"none\" style=\"width: 100%;\" controls=\"controls\"><source type=\"audio\/mpeg\" src=\"http:\/\/revelation-music.de\/fr\/wp-content\/uploads\/sites\/4\/2015\/05\/Children_Special_9.2.mp3?_=1\" \/><a href=\"http:\/\/revelation-music.de\/fr\/wp-content\/uploads\/sites\/4\/2015\/05\/Children_Special_9.2.mp3\">http:\/\/revelation-music.de\/fr\/wp-content\/uploads\/sites\/4\/2015\/05\/Children_Special_9.2.mp3<\/a><\/audio>\n<p>&nbsp;<\/p>\n<p style=\"text-align: justify;\"><strong>A.<\/strong> Que fait <strong>REVELATION ?<\/strong><br \/>\n<span id=\"result_box\" class=\"\" lang=\"fr\"><span class=\"\">Pour Martina et Detlef REVELATION, c&rsquo;est l&rsquo;ouverture et la libert\u00e9 de cr\u00e9er de la musique, de la litt\u00e9rature musicale et des \u00e9v\u00e9nements musicaux.<\/span><\/span><\/p>\n<p style=\"text-align: justify;\"><strong>B.<\/strong> \u2026 et l\u00b4id\u00e9e pour le nom <strong>REVELATION ?<br \/>\n<\/strong><span id=\"result_box\" class=\"\" lang=\"fr\"><span class=\"\">Pour les deux musiciens exceptionnels de REVELATION, la musique est un cosmos plein de fascination et de possibilit\u00e9s de d\u00e9couverte &#8211; la musique est infinie et r\u00e9v\u00e8le aux artistes un espace sans fin pour la CR\u00c9ATIVIT\u00c9.<\/span><\/span><\/p>\n<p><span id=\"result_box\" class=\"\" lang=\"fr\"><span class=\"\">La cr\u00e9ativit\u00e9 se refl\u00e8te dans toutes les offres professionnelles de REVELATION, ainsi que le message de base de la r\u00e9v\u00e9lation de soi dans le sens artistique.<\/span><\/span><\/p>\n<p><span id=\"result_box\" class=\"\" lang=\"fr\"><span class=\"\">REVELATION est plus qu&rsquo;un groupe avec une forte demande artistique &#8211; l&rsquo;offre musicale du duo est vari\u00e9e en constante expansion par une reflexion du courage de l&rsquo;individualit\u00e9, de la cr\u00e9ativit\u00e9, du d\u00e9veloppement et de l&rsquo;innovation &#8211; ces valeurs sont souvent associ\u00e9es \u00e0 de grands d\u00e9fis et portent une qualit\u00e9 fondamentales et durables en soi.<\/span><\/span><\/p>\n<p style=\"text-align: justify;\"><strong>C.<\/strong> Qui est REVELATION\u00a0?<br \/>\nLes deux musiciens <strong>Martina Ertel<\/strong> et <strong>Detlef Lisiecki<\/strong> sont exceptionnellement polyvalent &#8211; leurs offres musicales sont d\u00e9crits en d\u00e9tail sur ce site et le site Flash de REVELATION.<br \/>\nBeaucoup clips impressionnants \u00e0 partir des CD audio et des CD pour jouer avec la musique peuvent \u00eatre trouv\u00e9s sur ce site, en plus des extraits de livres \u00e9crits par REVELATION.<\/p>\n<p style=\"text-align: justify;\"><strong>D.<\/strong> Quels styles musicaux et quels artistes sont l&rsquo;inspiration pour REVELATION?<br \/>\nMusicalement REVELATION REVELATION est inspir\u00e9 particuli\u00e8rement de la musique des ann\u00e9es 70 \u2013 par example de Pink Floyd, Genesis, ELP, Marillion, Toto &#8230;<br \/>\nDans la musique de REVELATION il y a des \u00e9l\u00e9ments des grands styles de rock, classique, blues, jazz et latine.<\/p>\n<p>&nbsp;<\/p>\n<p style=\"text-align: center;\"><strong>E.<\/strong> Quels offres musicales sont en programme ?<\/p>\n<p style=\"text-align: center;\">1. \u00c9v\u00e9nements musicales\u00a0 &#8211;\u00a0 2. CD\u00a0 &#8211;\u00a0 3. Livres\u00a0 &#8211;\u00a0 4. Cours de musique<\/p>\n<p style=\"text-align: justify;\">1. Concerts, le concert de la po\u00e9sie lyrique, le musicale d\u00b4Artrock, la f\u00eate de REVELATION, la performance de tambour, la performance au clavier, des cours de musique, la lecture artistique, programmes de jour, la semaine culturelle de REVELATION, <span id=\"result_box\" class=\"\" lang=\"fr\"><span class=\"\">programmes individuels pour festival, f\u00eate, anniversaire<\/span><\/span> \u2026<\/p>\n<p style=\"text-align: justify;\">2. CD audio, CD \u00e0 jouer avec la musique, <span id=\"result_box\" class=\"short_text\" lang=\"fr\"><span class=\"\">CD pour les manuels de musique<\/span><\/span>.<\/p>\n<p style=\"text-align: justify;\">3. Livres sur REVELATION, manuels de musique de REVELATION.<\/p>\n<p style=\"text-align: justify;\">4. Cours de musique pour instruments \u00e0 percussion et clavier, diff\u00e9rentes fl\u00fbtes et l&rsquo;\u00e9ducation musicale (Enfants-Musique-Joie).<\/p>\n<p>&nbsp;<\/p>\n<p style=\"text-align: center;\"><strong>F.<\/strong> Comment REVELATION voit REVELATION?<\/p>\n<p style=\"text-align: center;\">Informations sur nous sur le menu <span style=\"color: #ffffff;\"><a style=\"color: #ffffff;\" href=\"http:\/\/revelation-music.de\/ueber-uns\/\"><strong>A propos de nous<\/strong><\/a><\/span><\/p>\n","protected":false},"excerpt":{"rendered":"<p>Bienvenue sur le site de REVELATION! &nbsp; A. Que fait REVELATION ? Pour Martina et Detlef REVELATION, c&rsquo;est l&rsquo;ouverture et la libert\u00e9 de cr\u00e9er de la musique, de la litt\u00e9rature musicale et des \u00e9v\u00e9nements musicaux. B. \u2026 et l\u00b4id\u00e9e pour le nom REVELATION ? Pour les deux musiciens exceptionnels de REVELATION, la musique est un [&hellip;]<\/p>\n","protected":false},"author":1,"featured_media":0,"parent":0,"menu_order":0,"comment_status":"closed","ping_status":"closed","template":"","meta":[],"_links":{"self":[{"href":"https:\/\/revelation-music.de\/fr\/wp-json\/wp\/v2\/pages\/105"}],"collection":[{"href":"https:\/\/revelation-music.de\/fr\/wp-json\/wp\/v2\/pages"}],"about":[{"href":"https:\/\/revelation-music.de\/fr\/wp-json\/wp\/v2\/types\/page"}],"author":[{"embeddable":true,"href":"https:\/\/revelation-music.de\/fr\/wp-json\/wp\/v2\/users\/1"}],"replies":[{"embeddable":true,"href":"https:\/\/revelation-music.de\/fr\/wp-json\/wp\/v2\/comments?post=105"}],"version-history":[{"count":32,"href":"https:\/\/revelation-music.de\/fr\/wp-json\/wp\/v2\/pages\/105\/revisions"}],"predecessor-version":[{"id":542,"href":"https:\/\/revelation-music.de\/fr\/wp-json\/wp\/v2\/pages\/105\/revisions\/542"}],"wp:attachment":[{"href":"https:\/\/revelation-music.de\/fr\/wp-json\/wp\/v2\/media?parent=105"}],"curies":[{"name":"wp","href":"https:\/\/api.w.org\/{rel}","templated":true}]}}