{"id":10,"date":"2015-05-07T16:48:15","date_gmt":"2015-05-07T14:48:15","guid":{"rendered":"http:\/\/revelation-music.de\/fr\/?page_id=10"},"modified":"2016-05-18T18:54:58","modified_gmt":"2016-05-18T16:54:58","slug":"nouvelles","status":"publish","type":"page","link":"https:\/\/revelation-music.de\/fr\/nouvelles\/","title":{"rendered":"Nouvelles"},"content":{"rendered":"<!--[if lt IE 9]><script>document.createElement('audio');<\/script><![endif]-->\n<audio class=\"wp-audio-shortcode\" id=\"audio-10-1\" preload=\"none\" style=\"width: 100%;\" controls=\"controls\"><source type=\"audio\/mpeg\" src=\"http:\/\/revelation-music.de\/fr\/wp-content\/uploads\/sites\/4\/2015\/05\/t_spite4.mp3?_=1\" \/><a href=\"http:\/\/revelation-music.de\/fr\/wp-content\/uploads\/sites\/4\/2015\/05\/t_spite4.mp3\">http:\/\/revelation-music.de\/fr\/wp-content\/uploads\/sites\/4\/2015\/05\/t_spite4.mp3<\/a><\/audio>\n<p>&nbsp;<\/p>\n<p style=\"text-align: center;\">D<span id=\"result_box\" class=\"\" lang=\"fr\"><span class=\"\">\u00b4<\/span>anniversaire programme pour enfants \u00e0 des programmes de jour et<br \/>\n<span class=\"\">\u00e0<\/span> la Semaine culturelle,<br \/>\n<span class=\"\">des CD audio<\/span> \u00e0 <span class=\"\">des CD<\/span> \u00e0 jouer avec la musique et<br \/>\n\u00e0 des livres de chanson et des manuels <span id=\"result_box\" class=\"short_text\" lang=\"fr\"><span class=\"\">auto-cr\u00e9\u00e9<\/span><\/span> &#8230;<\/span><\/p>\n<p style=\"text-align: center;\">&#8230; la <span class=\"\">gamme d&rsquo;offres<\/span> de <span class=\"\">REVELATION<\/span> est impressionnante et<br \/>\n<span class=\"\">pour tous les go\u00fbts<\/span> <span class=\"\">et tous les \u00e2ges<\/span> une grande exp\u00e9rience de l&rsquo;\u00e9v\u00e9nement musical,<br \/>\n<span class=\"\">au moins une chanson<\/span> <span class=\"\">de tomber en amour<\/span> et beaucoup d&rsquo;inspiration pour l&rsquo;esprit et <span class=\"\">l&rsquo;\u00e2me<\/span>.<\/p>\n<p style=\"text-align: center;\">Amusez-vous sur <span class=\"\">ce site<\/span> <span class=\"\">souhait<\/span> <span class=\"\">Martina &amp;<\/span> <span class=\"\">Detlef<\/span>,<br \/>\nl&rsquo;un des duo musical <span class=\"\">le plus polyvalent<\/span><span class=\"\">!<\/span><\/p>\n","protected":false},"excerpt":{"rendered":"<p>&nbsp; D\u00b4anniversaire programme pour enfants \u00e0 des programmes de jour et \u00e0 la Semaine culturelle, des CD audio \u00e0 des CD \u00e0 jouer avec la musique et \u00e0 des livres de chanson et des manuels auto-cr\u00e9\u00e9 &#8230; &#8230; la gamme d&rsquo;offres de REVELATION est impressionnante et pour tous les go\u00fbts et tous les \u00e2ges une [&hellip;]<\/p>\n","protected":false},"author":1,"featured_media":0,"parent":0,"menu_order":0,"comment_status":"open","ping_status":"open","template":"","meta":[],"_links":{"self":[{"href":"https:\/\/revelation-music.de\/fr\/wp-json\/wp\/v2\/pages\/10"}],"collection":[{"href":"https:\/\/revelation-music.de\/fr\/wp-json\/wp\/v2\/pages"}],"about":[{"href":"https:\/\/revelation-music.de\/fr\/wp-json\/wp\/v2\/types\/page"}],"author":[{"embeddable":true,"href":"https:\/\/revelation-music.de\/fr\/wp-json\/wp\/v2\/users\/1"}],"replies":[{"embeddable":true,"href":"https:\/\/revelation-music.de\/fr\/wp-json\/wp\/v2\/comments?post=10"}],"version-history":[{"count":11,"href":"https:\/\/revelation-music.de\/fr\/wp-json\/wp\/v2\/pages\/10\/revisions"}],"predecessor-version":[{"id":496,"href":"https:\/\/revelation-music.de\/fr\/wp-json\/wp\/v2\/pages\/10\/revisions\/496"}],"wp:attachment":[{"href":"https:\/\/revelation-music.de\/fr\/wp-json\/wp\/v2\/media?parent=10"}],"curies":[{"name":"wp","href":"https:\/\/api.w.org\/{rel}","templated":true}]}}