{"id":714,"date":"2018-04-30T17:47:22","date_gmt":"2018-04-30T17:47:22","guid":{"rendered":"http:\/\/revelation-music.de\/en\/?page_id=714"},"modified":"2018-04-30T19:18:58","modified_gmt":"2018-04-30T19:18:58","slug":"feedback","status":"publish","type":"page","link":"https:\/\/revelation-music.de\/en\/feedback\/","title":{"rendered":"Feedback"},"content":{"rendered":"<p style=\"text-align: center;\"><span id=\"result_box\" class=\"\" lang=\"en\"><span title=\"Reaktionen auf REVELATION Live Events \"><strong>Responses to REVELATION Music Events<\/strong><\/span><\/span><\/p>\n<p style=\"text-align: center;\"><span title=\"Was wir an menschlichen Reaktionen auf unsere Live Events erlebt haben, \">What we have experienced in human reactions to our live events<br \/>\n<\/span><span title=\"hat uns echt ber\u00fchrt: \">really touched us :<\/span><\/p>\n<p style=\"text-align: center;\"><span title=\"\u201eDas war wirklich eine Offenbarung.\u201c \">&#8221; That was really a revelation. &#8221;<br \/>\n<\/span><span title=\"Reaktion auf Artmusic-Konzert \"><strong>Reaction to Artmusic Concert<\/strong><\/span><\/p>\n<p style=\"text-align: center;\"><span title=\"\u201eDas erinnert mich an die Zeit, als Musiker noch alles aus \">&#8221; That reminds me of the time, when musicians still everything<br \/>\n<\/span><span title=\"sich und Ihren Instrumenten herausgeholt haben.\u201c \">have taken out themselves and their instruments. &#8221;<br \/>\n<\/span><span title=\"Reaktion auf Artrock-Musical \"><strong>Reaction to Artrock Musical<\/strong><\/span><\/p>\n<p style=\"text-align: center;\"><span title=\"\u201eIch wusste gar nicht, dass Liebe so viele Gesichter hat \u2013 \">&#8221; I did not know that love has so many faces &#8211;<br \/>\n<\/span><span title=\"tolle Idee, daraus eine Party zu machen.\u201c \">great idea to make a party out of it. &#8221;<br \/>\n<\/span><span title=\"\u201eWie ist das, wenn man sieht, dass Leute auf die eigene Musik tanzen?\u201c \">&#8220;How is that when you see people dance to your own music ? &#8221;<br \/>\n<\/span><span title=\"Reaktionen auf REVELATION\u00b4s Party \"><strong>Reactions to REVELATION&#8217;s party<\/strong><\/span><\/p>\n<p style=\"text-align: center;\"><span title=\"\u201eIch hab\u00b4 selbst schon richtig Lust gekriegt.\u201c \">&#8221; I really got myself in the mood. &#8221;<br \/>\n<\/span><span title=\"\u201eBei dem, was man heute noch so mitkriegt, kann man sich \">&#8221; With what you can hear today, you can<br \/>\n<\/span><span title=\"gar nicht vorstellen, wie vielseitig dieses Instrument ist.\u201c \">not imagine how versatile this instrument is. &#8221;<br \/>\n<\/span><span title=\"Reaktionen auf Schlagzeug Performance \"><strong>Responses to Drum Performance<\/strong><\/span><\/p>\n<p style=\"text-align: center;\"><span title=\"\u201eWow, wie Eure Musik entstanden ist!\">&#8221; Wow, how your music was created! <\/span><span title=\"\u2013 Tolles Inside Event!\u201c \">&#8211; Great Inside Event ! &#8221;<br \/>\n<\/span><span title=\"Reaktion auf Keyboard Performance \"><strong>Response to Keyboard Performance<\/strong><\/span><\/p>\n<p style=\"text-align: center;\"><span title=\"\u201eWas seid Ihr eigentlich ?\">&#8221; What are you? <\/span><span title=\"\u2013 Gibt\u00b4s daf\u00fcr einen Namen ?\u201c \">&#8211; Is there a name for it ? &#8221;<br \/>\n<\/span><span title=\"Reaktion auf Pr\u00e4sentation \"><strong>Reaction to Presentation<\/strong><\/span><\/p>\n<p style=\"text-align: center;\"><span title=\"\u201eIch habe noch nie geh\u00f6rt, dass jemand solche Aussagen \u00fcber seine eigenen Gesangstexte und seine Musik macht und dazu auch noch ein Buch verfasst hat.\u201c \">&#8221; I&#8217;ve never heard anyone make such statements about his own vocal lyrics and music,<br \/>\nand wrote a book about it. &#8221;<br \/>\n<\/span><span title=\"Reaktion auf K\u00fcnstlerischen Vortrag \"><strong>Reaction to Artistic Lecture<\/strong><\/span><\/p>\n<p style=\"text-align: center;\"><span title=\"\u201eDie Musikp\u00e4dagogin Martina Ertel hat heute rund 100 Kinder \">&#8221; Today, music teacher Martina Ertel could give inspiration to around 100 children<br \/>\n<\/span><span title=\"zwischen 3 und 6 Jahren gemeinsam f\u00fcr Musik begeistern k\u00f6nnen \u2013 \">between 3 and 6 years &#8211; <\/span><span title=\"in den musikalischen Pausen h\u00e4tte man eine Stecknadel fallen h\u00f6ren k\u00f6nnen.\u201c \">in the musical breaks you could have heard a pin fall. &#8221;<br \/>\n<\/span><strong><span title=\"Reaktion auf Kinder-Musik-Spa\u00df im Kindergarten in Bad Honnef\">Reacting to Children-Music-Fun at the kindergarten in Bad Honnef<\/span><\/strong><\/p>\n","protected":false},"excerpt":{"rendered":"<p>Responses to REVELATION Music Events What we have experienced in human reactions to our live events really touched us : &#8221; That was really a revelation. &#8221; Reaction to Artmusic Concert &#8221; That reminds me of the time, when musicians still everything have taken out themselves and their instruments. &#8221; Reaction to Artrock Musical &#8221; [&hellip;]<\/p>\n","protected":false},"author":1,"featured_media":0,"parent":0,"menu_order":0,"comment_status":"closed","ping_status":"closed","template":"","meta":[],"_links":{"self":[{"href":"https:\/\/revelation-music.de\/en\/wp-json\/wp\/v2\/pages\/714"}],"collection":[{"href":"https:\/\/revelation-music.de\/en\/wp-json\/wp\/v2\/pages"}],"about":[{"href":"https:\/\/revelation-music.de\/en\/wp-json\/wp\/v2\/types\/page"}],"author":[{"embeddable":true,"href":"https:\/\/revelation-music.de\/en\/wp-json\/wp\/v2\/users\/1"}],"replies":[{"embeddable":true,"href":"https:\/\/revelation-music.de\/en\/wp-json\/wp\/v2\/comments?post=714"}],"version-history":[{"count":9,"href":"https:\/\/revelation-music.de\/en\/wp-json\/wp\/v2\/pages\/714\/revisions"}],"predecessor-version":[{"id":724,"href":"https:\/\/revelation-music.de\/en\/wp-json\/wp\/v2\/pages\/714\/revisions\/724"}],"wp:attachment":[{"href":"https:\/\/revelation-music.de\/en\/wp-json\/wp\/v2\/media?parent=714"}],"curies":[{"name":"wp","href":"https:\/\/api.w.org\/{rel}","templated":true}]}}